{"id":592,"date":"2016-01-10T08:25:10","date_gmt":"2016-01-10T08:25:10","guid":{"rendered":"http:\/\/fitztech.de\/fr\/savoir-faire\/yachten\/"},"modified":"2016-01-10T11:32:52","modified_gmt":"2016-01-10T11:32:52","slug":"yachten","status":"publish","type":"page","link":"https:\/\/www.fitzinterior.com\/fr\/savoir-faire\/yachten\/","title":{"rendered":"Yachten"},"content":{"rendered":"<p>Fitz Interior a \u00e9t\u00e9 fond\u00e9e en 1956 comme menuiserie. En 1985, les deux fils Josef et Dieter Fitz ont repris l\u2019entreprise de leur p\u00e8re et l\u2019ont d\u00e9velopp\u00e9e pour en faire une entreprise sp\u00e9cialis\u00e9e dans les installations d\u2019int\u00e9rieurs de m\u00e9ga yachts, d\u2019\u00e9tages de bureaux de cadres et de villas. Aujourd\u2019hui, elle compte parmi ses clients des entreprises internationales telles que BASF et Time Warner, des cr\u00e9ateurs tels que Terence Disdale et Newcruise et des fabricants de yachts tels que L\u00fcrssen ou OceAnco. <ul class=\"boxes-list\"><li><div class=\"box\"><img decoding=\"async\" class=\"img\" src=\"https:\/\/www.fitzinterior.com\/wp-content\/uploads\/2016\/01\/Yacht14-377x256.jpg\" alt=\"Luxusyacht auf dem Wasser\" ><span class=\"title\">KOGO<\/span><div class=\"description\"><h3>KOGO<\/h3><p>Le bar, le salon, le hall ainsi que le s\u00e9jour et la salle \u00e0 manger du KOGO ont \u00e9t\u00e9 cr\u00e9\u00e9s \u00e0 Mertingen. Design: Terence Disdale.<\/p><\/div><\/div><\/li><li><div class=\"box\"><img decoding=\"async\" class=\"img\" src=\"https:\/\/www.fitzinterior.com\/wp-content\/uploads\/2016\/01\/Yacht15-377x256.jpg\" alt=\"Luxusyacht Kogo Wohnbereich\" ><span class=\"title\">KOGO<\/span><div class=\"description\"><h3>KOGO<\/h3><p>Le bar, le salon, le hall ainsi que le s\u00e9jour et la salle \u00e0 manger du KOGO ont \u00e9t\u00e9 cr\u00e9\u00e9s \u00e0 Mertingen. Design: Terence Disdale.<\/p><\/div><\/div><\/li><li><div class=\"box\"><img decoding=\"async\" class=\"img\" src=\"https:\/\/www.fitzinterior.com\/wp-content\/uploads\/2016\/01\/Yacht4-377x256.jpg\" alt=\"Luxusyacht im Hafen\" ><span class=\"title\">GLORIA THERESA<\/span><div class=\"description\"><h3>GLORIA THERESA<\/h3><p>Le GLORIA THERESA fut construit pour un propri\u00e9taire espagnol.<\/p><\/div><\/div><\/li><li><div class=\"box\"><img decoding=\"async\" class=\"img\" src=\"https:\/\/www.fitzinterior.com\/wp-content\/uploads\/2016\/01\/Yacht5-377x256.jpg\" alt=\"Luxusyacht Schlafbereich\" ><span class=\"title\">GLORIA THERESA<\/span><div class=\"description\"><h3>GLORIA THERESA<\/h3><p>Le d\u00e9cor int\u00e9rieur est de Reymond Langton. Les boiseries raffin\u00e9es en bois de poirier suisse sont de Fitz Interior.<\/p><\/div><\/div><\/li><li><div class=\"box\"><img decoding=\"async\" class=\"img\" src=\"https:\/\/www.fitzinterior.com\/wp-content\/uploads\/2016\/01\/Yacht12-377x256.jpg\" alt=\"Luxusyacht auf dem Wasser\" ><span class=\"title\">SIREN<\/span><div class=\"description\"><h3>SIREN<\/h3><p>Le super yacht prim\u00e9, SIREN, r\u00e9compense ses invit\u00e9s et ses propri\u00e9taires gr\u00e2ce \u00e0 son mobilier cr\u00e9\u00e9 par Fitz Interior; le design est de Newcruise.<\/p><\/div><\/div><\/li><li><div class=\"box\"><img decoding=\"async\" class=\"img\" src=\"https:\/\/www.fitzinterior.com\/wp-content\/uploads\/2016\/01\/Yacht13-377x256.jpg\" alt=\"Luxusyacht Wohn- und Essbereich\" ><span class=\"title\">SIREN<\/span><div class=\"description\"><h3>SIREN<\/h3><p>Le super yacht prim\u00e9, SIREN, r\u00e9compense ses invit\u00e9s et ses propri\u00e9taires gr\u00e2ce \u00e0 son mobilier cr\u00e9\u00e9 par Fitz Interior; le design est de Newcruise.<\/p><\/div><\/div><\/li><li><div class=\"box\"><img decoding=\"async\" class=\"img\" src=\"https:\/\/www.fitzinterior.com\/wp-content\/uploads\/2016\/01\/Yacht9-377x256.jpg\" alt=\"Luxusyacht auf dem Wasser\" ><span class=\"title\">FORTUNA<\/span><div class=\"description\"><h3>FORTUNA<\/h3><p>Le FORTUNA appartient au roi espagnol. Fitz Interior a r\u00e9alis\u00e9 les plans de la cr\u00e9atrice Celeste dell\u2019Anna.<\/p><\/div><\/div><\/li><li><div class=\"box\"><img decoding=\"async\" class=\"img\" src=\"https:\/\/www.fitzinterior.com\/wp-content\/uploads\/2016\/01\/Yacht10-377x256.jpg\" alt=\"Luxusyacht Flur\" ><span class=\"title\">FORTUNA<\/span><div class=\"description\"><h3>FORTUNA<\/h3><p>Le FORTUNA appartient au roi espagnol. Fitz Interior a r\u00e9alis\u00e9 les plans de la cr\u00e9atrice Celeste dell\u2019Anna.<\/p><\/div><\/div><\/li><li><div class=\"box\"><img decoding=\"async\" class=\"img\" src=\"https:\/\/www.fitzinterior.com\/wp-content\/uploads\/2016\/01\/Yacht7-377x256.jpg\" alt=\"Luxusyacht Wohnbereich\" ><span class=\"title\">CONSTELLATION<\/span><div class=\"description\"><h3>CONSTELLATION<\/h3><p>Le CONSTELLATION a \u00e9t\u00e9 construit par OceAnco; Fitz Interior a fourni les magnifiques salons et escaliers.<\/p><\/div><\/div><\/li><li><div class=\"box\"><img decoding=\"async\" class=\"img\" src=\"https:\/\/www.fitzinterior.com\/wp-content\/uploads\/2016\/01\/Yacht6-377x256.jpg\" alt=\"Luxusyacht auf dem Wasser\" ><span class=\"title\">CONSTELLATION<\/span><div class=\"description\"><h3>CONSTELLATION<\/h3><p>Le CONSTELLATION a \u00e9t\u00e9 construit par OceAnco; Fitz Interior a fourni les magnifiques salons et escaliers.<\/p><\/div><\/div><\/li><li><div class=\"box\"><img decoding=\"async\" class=\"img\" src=\"https:\/\/www.fitzinterior.com\/wp-content\/uploads\/2016\/01\/Yacht8-377x256.jpg\" alt=\"Luxusyacht auf dem Wasser\" ><span class=\"title\">SUNRISE<\/span><div class=\"description\"><h3>SUNRISE<\/h3><p>Le SUNRISE a \u00e9t\u00e9 con\u00e7u par A Group et construit par AceAnco. Fitz Interior a meubl\u00e9 la salle de bains, la chambre et la suite du propri\u00e9taire.<\/p><\/div><\/div><\/li><li><div class=\"box\"><img decoding=\"async\" class=\"img\" src=\"https:\/\/www.fitzinterior.com\/wp-content\/uploads\/2016\/01\/Yacht11-377x256.jpg\" alt=\"Luxusyacht G\u00e4stebereich mit 2 Betten\" ><span class=\"title\">TRIPLE SEVEN<\/span><div class=\"description\"><h3>TRIPLE SEVEN<\/h3><p>L\u2019\u00e9l\u00e9gance d\u00e9contract\u00e9e du TRIPLE SEVEN (Design: Newcruise) est mise en valeur par ses suites pour invit\u00e9s et propri\u00e9taires faites sur mesure par Fitz Interior.<\/p><\/div><\/div><\/li><li><div class=\"box\"><img decoding=\"async\" class=\"img\" src=\"https:\/\/www.fitzinterior.com\/wp-content\/uploads\/2016\/01\/Yacht16-377x256.jpg\" alt=\"Schlafbereich Luxusyacht in beige und braun\" ><span class=\"title\">PELORUS<\/span><div class=\"description\"><h3>PELORUS<\/h3><p>Sur le PELORUS, Fitz Interior a r\u00e9alis\u00e9 la timonerie, la Suite du Capitaine, les cabines VIP et celles des invit\u00e9s, le cin\u00e9ma, les bureaux, escaliers et couloirs \u00e0 partir des plans de Terrence Disdale.<\/p><\/div><\/div><\/li><\/ul><\/p>\n","protected":false},"excerpt":{"rendered":"<p>Fitz Interior a \u00e9t\u00e9 fond\u00e9e en 1956 comme menuiserie. En 1985, les deux fils Josef et Dieter Fitz ont repris l\u2019entreprise de leur p\u00e8re et l\u2019ont d\u00e9velopp\u00e9e pour en faire une entreprise sp\u00e9cialis\u00e9e&#8230;<\/p>\n","protected":false},"author":3,"featured_media":552,"parent":252,"menu_order":0,"comment_status":"closed","ping_status":"closed","template":"","meta":{"_acf_changed":false,"footnotes":""},"class_list":["post-592","page","type-page","status-publish","has-post-thumbnail","hentry"],"acf":[],"_links":{"self":[{"href":"https:\/\/www.fitzinterior.com\/fr\/wp-json\/wp\/v2\/pages\/592","targetHints":{"allow":["GET"]}}],"collection":[{"href":"https:\/\/www.fitzinterior.com\/fr\/wp-json\/wp\/v2\/pages"}],"about":[{"href":"https:\/\/www.fitzinterior.com\/fr\/wp-json\/wp\/v2\/types\/page"}],"author":[{"embeddable":true,"href":"https:\/\/www.fitzinterior.com\/fr\/wp-json\/wp\/v2\/users\/3"}],"replies":[{"embeddable":true,"href":"https:\/\/www.fitzinterior.com\/fr\/wp-json\/wp\/v2\/comments?post=592"}],"version-history":[{"count":2,"href":"https:\/\/www.fitzinterior.com\/fr\/wp-json\/wp\/v2\/pages\/592\/revisions"}],"predecessor-version":[{"id":600,"href":"https:\/\/www.fitzinterior.com\/fr\/wp-json\/wp\/v2\/pages\/592\/revisions\/600"}],"up":[{"embeddable":true,"href":"https:\/\/www.fitzinterior.com\/fr\/wp-json\/wp\/v2\/pages\/252"}],"wp:featuredmedia":[{"embeddable":true,"href":"https:\/\/www.fitzinterior.com\/fr\/wp-json\/wp\/v2\/media\/552"}],"wp:attachment":[{"href":"https:\/\/www.fitzinterior.com\/fr\/wp-json\/wp\/v2\/media?parent=592"}],"curies":[{"name":"wp","href":"https:\/\/api.w.org\/{rel}","templated":true}]}}