{"id":373,"date":"2015-12-09T17:58:45","date_gmt":"2015-12-09T17:58:45","guid":{"rendered":"http:\/\/fitztech.de\/fr\/?page_id=373"},"modified":"2019-02-21T12:04:06","modified_gmt":"2019-02-21T12:04:06","slug":"impressum","status":"publish","type":"page","link":"https:\/\/www.fitzinterior.com\/fr\/impressum\/","title":{"rendered":"Colophon"},"content":{"rendered":"<p><strong>Verantwortlich f\u00fcr den Inhalt dieser Seite:<\/strong><\/p>\n<p>Fitz Interior GmbH<br \/>\nTribunal local (Amtsgericht) Augsburg HRB 17371<br \/>\nDirecteurs G\u00e9n\u00e9raux: Dieter Fitz, Josef Fitz<\/p>\n<p>USt-IdNr.: DE206840387<\/p>\n<p>Fitz Interior GmbH<br \/>\nDr.-Steichele-Str. 40<br \/>\n86690 Mertingen<br \/>\nAllemagne<\/p>\n<p>Tel.: +49 (0)\u20099078 96\u200992-0<br \/>\nFax: +49 (0)\u20099078 96\u200992-199<br \/>\nCourriel: info@fitztech.de<\/p>\n<p><strong>Avertissement l\u00e9gal:<\/strong><br \/>\nMalgr\u00e9 le contr\u00f4le soigneux et notre confiance totale en la responsabilit\u00e9 et l\u2019honn\u00eatet\u00e9 de nos partenaires, nous ne garantissons pas le contenu des liens externes. Le contenu de toute page externe n\u2019est garanti que par son entreprise d\u2019exploitation.<\/p>\n","protected":false},"excerpt":{"rendered":"<p>Verantwortlich f\u00fcr den Inhalt dieser Seite: Fitz Interior GmbH Tribunal local (Amtsgericht) Augsburg HRB 17371 Directeurs G\u00e9n\u00e9raux: Dieter Fitz, Josef Fitz USt-IdNr.: DE206840387 Fitz Interior GmbH Dr.-Steichele-Str. 40 86690 Mertingen Allemagne Tel.: +49&#8230;<\/p>\n","protected":false},"author":3,"featured_media":935,"parent":0,"menu_order":0,"comment_status":"closed","ping_status":"closed","template":"","meta":{"_acf_changed":false,"footnotes":""},"class_list":["post-373","page","type-page","status-publish","has-post-thumbnail","hentry"],"acf":[],"_links":{"self":[{"href":"https:\/\/www.fitzinterior.com\/fr\/wp-json\/wp\/v2\/pages\/373","targetHints":{"allow":["GET"]}}],"collection":[{"href":"https:\/\/www.fitzinterior.com\/fr\/wp-json\/wp\/v2\/pages"}],"about":[{"href":"https:\/\/www.fitzinterior.com\/fr\/wp-json\/wp\/v2\/types\/page"}],"author":[{"embeddable":true,"href":"https:\/\/www.fitzinterior.com\/fr\/wp-json\/wp\/v2\/users\/3"}],"replies":[{"embeddable":true,"href":"https:\/\/www.fitzinterior.com\/fr\/wp-json\/wp\/v2\/comments?post=373"}],"version-history":[{"count":4,"href":"https:\/\/www.fitzinterior.com\/fr\/wp-json\/wp\/v2\/pages\/373\/revisions"}],"predecessor-version":[{"id":3392,"href":"https:\/\/www.fitzinterior.com\/fr\/wp-json\/wp\/v2\/pages\/373\/revisions\/3392"}],"wp:featuredmedia":[{"embeddable":true,"href":"https:\/\/www.fitzinterior.com\/fr\/wp-json\/wp\/v2\/media\/935"}],"wp:attachment":[{"href":"https:\/\/www.fitzinterior.com\/fr\/wp-json\/wp\/v2\/media?parent=373"}],"curies":[{"name":"wp","href":"https:\/\/api.w.org\/{rel}","templated":true}]}}