{"id":305,"date":"2015-12-09T16:17:00","date_gmt":"2015-12-09T16:17:00","guid":{"rendered":"http:\/\/fitztech.de\/fr\/?page_id=305"},"modified":"2019-02-01T07:33:19","modified_gmt":"2019-02-01T07:33:19","slug":"fitz-interior","status":"publish","type":"page","link":"https:\/\/www.fitzinterior.com\/fr\/","title":{"rendered":"Fitz Interior"},"content":{"rendered":"<p>Trois valeurs caract\u00e9risent le travail de Fitz Interior : notre art, nos racines r\u00e9gionales et notre provenance. En tant qu\u2019entreprise familiale, Fitz Interior est d\u00e9vou\u00e9e \u00e0 la tradition, se sent profond\u00e9ment responsable de ses employ\u00e9s et est fermement enracin\u00e9e dans la r\u00e9gion souabienne. Ces aspects influencent durablement le travail de Fitz Interior.<\/p>\n","protected":false},"excerpt":{"rendered":"<p>Trois valeurs caract\u00e9risent le travail de Fitz Interior : notre art, nos racines r\u00e9gionales et notre provenance. En tant qu\u2019entreprise familiale, Fitz Interior est d\u00e9vou\u00e9e \u00e0 la tradition, se sent profond\u00e9ment responsable de&#8230;<\/p>\n","protected":false},"author":3,"featured_media":1007,"parent":0,"menu_order":0,"comment_status":"closed","ping_status":"closed","template":"","meta":{"_acf_changed":false,"footnotes":""},"class_list":["post-305","page","type-page","status-publish","has-post-thumbnail","hentry"],"acf":[],"_links":{"self":[{"href":"https:\/\/www.fitzinterior.com\/fr\/wp-json\/wp\/v2\/pages\/305","targetHints":{"allow":["GET"]}}],"collection":[{"href":"https:\/\/www.fitzinterior.com\/fr\/wp-json\/wp\/v2\/pages"}],"about":[{"href":"https:\/\/www.fitzinterior.com\/fr\/wp-json\/wp\/v2\/types\/page"}],"author":[{"embeddable":true,"href":"https:\/\/www.fitzinterior.com\/fr\/wp-json\/wp\/v2\/users\/3"}],"replies":[{"embeddable":true,"href":"https:\/\/www.fitzinterior.com\/fr\/wp-json\/wp\/v2\/comments?post=305"}],"version-history":[{"count":13,"href":"https:\/\/www.fitzinterior.com\/fr\/wp-json\/wp\/v2\/pages\/305\/revisions"}],"predecessor-version":[{"id":3373,"href":"https:\/\/www.fitzinterior.com\/fr\/wp-json\/wp\/v2\/pages\/305\/revisions\/3373"}],"wp:featuredmedia":[{"embeddable":true,"href":"https:\/\/www.fitzinterior.com\/fr\/wp-json\/wp\/v2\/media\/1007"}],"wp:attachment":[{"href":"https:\/\/www.fitzinterior.com\/fr\/wp-json\/wp\/v2\/media?parent=305"}],"curies":[{"name":"wp","href":"https:\/\/api.w.org\/{rel}","templated":true}]}}