{"id":293,"date":"2015-12-09T16:11:46","date_gmt":"2015-12-09T16:11:46","guid":{"rendered":"http:\/\/fitztech.de\/fr\/?page_id=293"},"modified":"2016-02-09T09:49:08","modified_gmt":"2016-02-09T09:49:08","slug":"residentiel","status":"publish","type":"page","link":"https:\/\/www.fitzinterior.com\/fr\/savoir-faire\/residentiel\/","title":{"rendered":"R\u00e9sidentiel"},"content":{"rendered":"<p>Nous r\u00e9alisons les r\u00eaves des propri\u00e9taires en mati\u00e8re de logement. Gr\u00e2ce aux mat\u00e9riaux exclusifs, \u00e0 une planification r\u00e9fl\u00e9chie et \u00e0 l\u2019ex\u00e9cution minutieuse, les id\u00e9es de nos clients deviennent r\u00e9alit\u00e9. Nous sommes sp\u00e9cialis\u00e9s dans les villas priv\u00e9es et les immeubles d&rsquo;habitation \u00e0 l\u2019\u00e9chelle mondiale.\u00a0<br \/>\n<ul class=\"boxes-list\"><li><div class=\"box\"><img decoding=\"async\" class=\"img\" src=\"https:\/\/www.fitzinterior.com\/wp-content\/uploads\/2015\/12\/Residential1-377x256.jpg\" alt=\"Weinkeller in einer Luxusvilla\" ><span class=\"title\">Cave \u00e0 vin Kitzb\u00fchel<\/span><div class=\"description\"><h3>Cave \u00e0 vin Kitzb\u00fchel<\/h3><p>Superbe et spacieuse cave \u00e0 vins moderne dans une nouvelle maison priv\u00e9e \u00e0 Kitzb\u00fchel<\/p><\/div><\/div><\/li><\/ul><\/p>\n","protected":false},"excerpt":{"rendered":"<p>Nous r\u00e9alisons les r\u00eaves des propri\u00e9taires en mati\u00e8re de logement. Gr\u00e2ce aux mat\u00e9riaux exclusifs, \u00e0 une planification r\u00e9fl\u00e9chie et \u00e0 l\u2019ex\u00e9cution minutieuse, les id\u00e9es de nos clients deviennent r\u00e9alit\u00e9. Nous sommes sp\u00e9cialis\u00e9s dans&#8230;<\/p>\n","protected":false},"author":3,"featured_media":1121,"parent":252,"menu_order":0,"comment_status":"closed","ping_status":"closed","template":"","meta":{"_acf_changed":false,"footnotes":""},"class_list":["post-293","page","type-page","status-publish","has-post-thumbnail","hentry"],"acf":[],"_links":{"self":[{"href":"https:\/\/www.fitzinterior.com\/fr\/wp-json\/wp\/v2\/pages\/293","targetHints":{"allow":["GET"]}}],"collection":[{"href":"https:\/\/www.fitzinterior.com\/fr\/wp-json\/wp\/v2\/pages"}],"about":[{"href":"https:\/\/www.fitzinterior.com\/fr\/wp-json\/wp\/v2\/types\/page"}],"author":[{"embeddable":true,"href":"https:\/\/www.fitzinterior.com\/fr\/wp-json\/wp\/v2\/users\/3"}],"replies":[{"embeddable":true,"href":"https:\/\/www.fitzinterior.com\/fr\/wp-json\/wp\/v2\/comments?post=293"}],"version-history":[{"count":5,"href":"https:\/\/www.fitzinterior.com\/fr\/wp-json\/wp\/v2\/pages\/293\/revisions"}],"predecessor-version":[{"id":1853,"href":"https:\/\/www.fitzinterior.com\/fr\/wp-json\/wp\/v2\/pages\/293\/revisions\/1853"}],"up":[{"embeddable":true,"href":"https:\/\/www.fitzinterior.com\/fr\/wp-json\/wp\/v2\/pages\/252"}],"wp:featuredmedia":[{"embeddable":true,"href":"https:\/\/www.fitzinterior.com\/fr\/wp-json\/wp\/v2\/media\/1121"}],"wp:attachment":[{"href":"https:\/\/www.fitzinterior.com\/fr\/wp-json\/wp\/v2\/media?parent=293"}],"curies":[{"name":"wp","href":"https:\/\/api.w.org\/{rel}","templated":true}]}}