{"id":287,"date":"2015-12-09T16:10:48","date_gmt":"2015-12-09T16:10:48","guid":{"rendered":"http:\/\/fitztech.de\/fr\/?page_id=287"},"modified":"2016-09-12T13:43:07","modified_gmt":"2016-09-12T13:43:07","slug":"materiel","status":"publish","type":"page","link":"https:\/\/www.fitzinterior.com\/fr\/savoir-faire\/materiel\/","title":{"rendered":"Mat\u00e9riel"},"content":{"rendered":"<p>Forme et Ach\u00e8vement: L\u2019or, les cuirs, les fibres naturelles et bois de tous birds: Fitz Int\u00e9rieur vont appliquer leurs artisanat \u00e0 tous les mat\u00e9riaux.<\/p>\n<ul class=\"materials-list\"><li><div class=\"holder\"><img decoding=\"async\" class=\"img\" src=\"https:\/\/www.fitzinterior.com\/wp-content\/uploads\/2015\/12\/img-material-01.jpg\" alt=\"\" ><p class=\"info\">Cuir pliss\u00e9<\/p><\/div><\/li><li><div class=\"holder\"><img decoding=\"async\" class=\"img\" src=\"https:\/\/www.fitzinterior.com\/wp-content\/uploads\/2015\/12\/img-material-11.jpg\" alt=\"\" ><p class=\"info\">Planche de bois solide blanchie \u00e0 la main et frott\u00e9e<\/p><\/div><\/li><li><div class=\"holder\"><img decoding=\"async\" class=\"img\" src=\"https:\/\/www.fitzinterior.com\/wp-content\/uploads\/2015\/12\/img-material-10.jpg\" alt=\"\" ><p class=\"info\">Pierre bouchard\u00e9e<\/p><\/div><\/li><li><div class=\"holder\"><img decoding=\"async\" class=\"img\" src=\"https:\/\/www.fitzinterior.com\/wp-content\/uploads\/2015\/12\/img-material-08.jpg\" alt=\"\" ><p class=\"info\">Planche de bois \u00e0 couches superpos\u00e9es blanchie \u00e0 la main<\/p><\/div><\/li><li><div class=\"holder\"><img decoding=\"async\" class=\"img\" src=\"https:\/\/www.fitzinterior.com\/wp-content\/uploads\/2015\/12\/img-material-09.jpg\" alt=\"\" ><p class=\"info\">Cuir de chevreuil ondul\u00e9<\/p><\/div><\/li><li><div class=\"holder\"><img decoding=\"async\" class=\"img\" src=\"https:\/\/www.fitzinterior.com\/wp-content\/uploads\/2015\/12\/img-material-07.jpg\" alt=\"\" ><p class=\"info\">Divers broussins de bois de plaquage<\/p><\/div><\/li><li><div class=\"holder\"><img decoding=\"async\" class=\"img\" src=\"https:\/\/www.fitzinterior.com\/wp-content\/uploads\/2015\/12\/img-material-06.jpg\" alt=\"\" ><p class=\"info\">Bois flott\u00e9s<\/p><\/div><\/li><li><div class=\"holder\"><img decoding=\"async\" class=\"img\" src=\"https:\/\/www.fitzinterior.com\/wp-content\/uploads\/2015\/12\/img-material-05.jpg\" alt=\"\" ><p class=\"info\">Cubes de pierre \u00e0 surface naturellement fragment\u00e9e<\/p><\/div><\/li><li><div class=\"holder\"><img decoding=\"async\" class=\"img\" src=\"https:\/\/www.fitzinterior.com\/wp-content\/uploads\/2015\/12\/img-material-04.jpg\" alt=\"\" ><p class=\"info\">Lambris de ch\u00eane \u00e0 c\u00f4tes miniature.<\/p><\/div><\/li><li><div class=\"holder\"><img decoding=\"async\" class=\"img\" src=\"https:\/\/www.fitzinterior.com\/wp-content\/uploads\/2015\/12\/img-material-03.jpg\" alt=\"\" ><p class=\"info\">Planche solide blanchie \u00e0 la main et frott\u00e9e<\/p><\/div><\/li><li><div class=\"holder\"><img decoding=\"async\" class=\"img\" src=\"https:\/\/www.fitzinterior.com\/wp-content\/uploads\/2015\/12\/img-material-02.jpg\" alt=\"\" ><p class=\"info\">Divers \u00e9chantillons de cuir fin<\/p><\/div><\/li><li><div class=\"holder\"><img decoding=\"async\" class=\"img\" src=\"https:\/\/www.fitzinterior.com\/wp-content\/uploads\/2015\/12\/img-material-12.jpg\" alt=\"\" ><p class=\"info\">Loupe d\u2019amboine et autres broussins<\/p><\/div><\/li><li><div class=\"holder\"><img decoding=\"async\" class=\"img\" src=\"https:\/\/www.fitzinterior.com\/wp-content\/uploads\/2015\/12\/img-material-10-1.jpg\" alt=\"\" ><p class=\"info\">Pierre bouchard\u00e9e<\/p><\/div><\/li><li><div class=\"holder\"><img decoding=\"async\" class=\"img\" src=\"https:\/\/www.fitzinterior.com\/wp-content\/uploads\/2015\/12\/img-material-15.jpg\" alt=\"\" ><p class=\"info\">Cuir tress\u00e9 \u00e0 la main<\/p><\/div><\/li><li><div class=\"holder\"><img decoding=\"async\" class=\"img\" src=\"https:\/\/www.fitzinterior.com\/wp-content\/uploads\/2015\/12\/img-material-13.jpg\" alt=\"\" ><p class=\"info\">Broussin de bois de racine d\u2019un arbre \u00e0 noix<\/p><\/div><\/li><li><div class=\"holder\"><img decoding=\"async\" class=\"img\" src=\"https:\/\/www.fitzinterior.com\/wp-content\/uploads\/2015\/12\/img-material-14.jpg\" alt=\"\" ><p class=\"info\">Fibres naturelles, p. ex. feuilles de banane<\/p><\/div><\/li><\/ul>\n","protected":false},"excerpt":{"rendered":"<p>Forme et Ach\u00e8vement: L\u2019or, les cuirs, les fibres naturelles et bois de tous birds: Fitz Int\u00e9rieur vont appliquer leurs artisanat \u00e0 tous les mat\u00e9riaux.<\/p>\n","protected":false},"author":3,"featured_media":917,"parent":252,"menu_order":1,"comment_status":"closed","ping_status":"closed","template":"","meta":{"_acf_changed":false,"footnotes":""},"class_list":["post-287","page","type-page","status-publish","has-post-thumbnail","hentry"],"acf":[],"_links":{"self":[{"href":"https:\/\/www.fitzinterior.com\/fr\/wp-json\/wp\/v2\/pages\/287","targetHints":{"allow":["GET"]}}],"collection":[{"href":"https:\/\/www.fitzinterior.com\/fr\/wp-json\/wp\/v2\/pages"}],"about":[{"href":"https:\/\/www.fitzinterior.com\/fr\/wp-json\/wp\/v2\/types\/page"}],"author":[{"embeddable":true,"href":"https:\/\/www.fitzinterior.com\/fr\/wp-json\/wp\/v2\/users\/3"}],"replies":[{"embeddable":true,"href":"https:\/\/www.fitzinterior.com\/fr\/wp-json\/wp\/v2\/comments?post=287"}],"version-history":[{"count":6,"href":"https:\/\/www.fitzinterior.com\/fr\/wp-json\/wp\/v2\/pages\/287\/revisions"}],"predecessor-version":[{"id":1566,"href":"https:\/\/www.fitzinterior.com\/fr\/wp-json\/wp\/v2\/pages\/287\/revisions\/1566"}],"up":[{"embeddable":true,"href":"https:\/\/www.fitzinterior.com\/fr\/wp-json\/wp\/v2\/pages\/252"}],"wp:featuredmedia":[{"embeddable":true,"href":"https:\/\/www.fitzinterior.com\/fr\/wp-json\/wp\/v2\/media\/917"}],"wp:attachment":[{"href":"https:\/\/www.fitzinterior.com\/fr\/wp-json\/wp\/v2\/media?parent=287"}],"curies":[{"name":"wp","href":"https:\/\/api.w.org\/{rel}","templated":true}]}}