{"id":280,"date":"2015-12-09T16:09:28","date_gmt":"2015-12-09T16:09:28","guid":{"rendered":"http:\/\/fitztech.de\/fr\/?page_id=280"},"modified":"2016-09-12T13:43:20","modified_gmt":"2016-09-12T13:43:20","slug":"entreprise","status":"publish","type":"page","link":"https:\/\/www.fitzinterior.com\/fr\/savoir-faire\/entreprise\/","title":{"rendered":"Entreprise"},"content":{"rendered":"<p>Beaucoup d\u2019entreprises de renomm\u00e9e internationale telles que BASF, Citibank, Goldman Sachs ou Time Warner font partie de la liste de clients de Fitz Interior. Pour elles, l\u2019atelier de Mertingen a install\u00e9 et meubl\u00e9 des \u00e9tages entiers de bureaux de cadres, des biblioth\u00e8ques ou des salles de conf\u00e9rences.<br \/>\n<ul class=\"boxes-list\"><li><div class=\"box\"><img decoding=\"async\" class=\"img\" src=\"https:\/\/www.fitzinterior.com\/wp-content\/uploads\/2015\/12\/img-company-01-1-377x256.jpg\" alt=\"\" ><span class=\"title\">Bureau ex\u00e9cutif Gen\u00e8ve<\/span><div class=\"description\"><h3>Bureau ex\u00e9cutif Gen\u00e8ve<\/h3><p>Pour ce bureau de directeurs \u00e0 Gen\u00e8ve, ses meubles contemporains ont \u00e9t\u00e9 faits sur mesure.<\/p><\/div><\/div><\/li><li><div class=\"box\"><img decoding=\"async\" class=\"img\" src=\"https:\/\/www.fitzinterior.com\/wp-content\/uploads\/2015\/12\/img-company-02-1-377x256.jpg\" alt=\"Empfang B\u00fcrogeb\u00e4ude\" ><span class=\"title\">Bureau ex\u00e9cutif Gen\u00e8ve<\/span><div class=\"description\"><h3>Bureau ex\u00e9cutif Gen\u00e8ve<\/h3><p>Bureau de directeur \u00e0 Gen\u00e8ve, fait sur mesures par Fitz Interior.<\/p><\/div><\/div><\/li><li><div class=\"box\"><img decoding=\"async\" class=\"img\" src=\"https:\/\/www.fitzinterior.com\/wp-content\/uploads\/2016\/01\/Company3-377x256.jpg\" alt=\"Holzvert\u00e4felung Bibliothek\" ><span class=\"title\">Investcorp New York<\/span><div class=\"description\"><h3>Investcorp New York<\/h3><p>La somptueuse biblioth\u00e8que du gestionnaire de fonds newyorkais Investcorp a \u00e9t\u00e9 cr\u00e9\u00e9e by Fitz Interior.<\/p><\/div><\/div><\/li><li><div class=\"box\"><img decoding=\"async\" class=\"img\" src=\"https:\/\/www.fitzinterior.com\/wp-content\/uploads\/2016\/01\/Company4-377x256.jpg\" alt=\"Holzvert\u00e4felung Detailaufnahme\" ><span class=\"title\">Investcorp New York<\/span><div class=\"description\"><h3>Investcorp New York<\/h3><p>Les boiseries et stucs du si\u00e8ge de Investcorp \u00e0 New York ont \u00e9t\u00e9 r\u00e9alis\u00e9s Par Fitz Interior dans ses ateliers de Mertingen.<\/p><\/div><\/div><\/li><li><div class=\"box\"><img decoding=\"async\" class=\"img\" src=\"https:\/\/www.fitzinterior.com\/wp-content\/uploads\/2016\/01\/Company5-377x256.jpg\" alt=\"Holzvert\u00e4felung Treppe\" ><span class=\"title\">Investcorp New York<\/span><div class=\"description\"><h3>Investcorp New York<\/h3><p>Les boiseries et stucs du si\u00e8ge de Investcorp \u00e0 New York ont \u00e9t\u00e9 r\u00e9alis\u00e9s Par Fitz Interior dans ses ateliers de Mertingen.<\/p><\/div><\/div><\/li><li><div class=\"box\"><img decoding=\"async\" class=\"img\" src=\"https:\/\/www.fitzinterior.com\/wp-content\/uploads\/2016\/01\/Company6-377x256.jpg\" alt=\"Time Warner Geb\u00e4ude von au\u00dfen mit Personen\" ><span class=\"title\">Time Warner<\/span><div class=\"description\"><h3>Time Warner<\/h3><p>Le mobilier des  bureaux de la direction de Time Warner \u00e0 New York est de Fitz interior.<\/p><\/div><\/div><\/li><li><div class=\"box\"><img decoding=\"async\" class=\"img\" src=\"https:\/\/www.fitzinterior.com\/wp-content\/uploads\/2016\/01\/Company7-377x256.jpg\" alt=\"Holztreppe von oben in einem B\u00fcrogeb\u00e4ude\" ><span class=\"title\">Citibank New York<\/span><div class=\"description\"><h3>Citibank New York<\/h3><p>Citibank \u00e0 New York a charg\u00e9 Fitz Interior de meubler l\u2019\u00e9blouissante r\u00e9ception de leur direction.<\/p><\/div><\/div><\/li><li><div class=\"box\"><img decoding=\"async\" class=\"img\" src=\"https:\/\/www.fitzinterior.com\/wp-content\/uploads\/2016\/01\/Company8-377x256.jpg\" alt=\"B\u00fcrogeb\u00e4ude in einer Stadt von oben\" ><span class=\"title\">BASF Ludwigshafen<\/span><div class=\"description\"><h3>BASF Ludwigshafen<\/h3><p>\u00c0 Ludwigshafen, le conseil de direction de BASF se rassemble dans une salle de conf\u00e9rence qui a \u00e9t\u00e9 faite sur mesure par Fitz Interior.<\/p><\/div><\/div><\/li><\/ul><\/p>\n","protected":false},"excerpt":{"rendered":"<p>Beaucoup d\u2019entreprises de renomm\u00e9e internationale telles que BASF, Citibank, Goldman Sachs ou Time Warner font partie de la liste de clients de Fitz Interior. Pour elles, l\u2019atelier de Mertingen a install\u00e9 et meubl\u00e9&#8230;<\/p>\n","protected":false},"author":3,"featured_media":1118,"parent":252,"menu_order":0,"comment_status":"closed","ping_status":"closed","template":"","meta":{"_acf_changed":false,"footnotes":""},"class_list":["post-280","page","type-page","status-publish","has-post-thumbnail","hentry"],"acf":[],"_links":{"self":[{"href":"https:\/\/www.fitzinterior.com\/fr\/wp-json\/wp\/v2\/pages\/280","targetHints":{"allow":["GET"]}}],"collection":[{"href":"https:\/\/www.fitzinterior.com\/fr\/wp-json\/wp\/v2\/pages"}],"about":[{"href":"https:\/\/www.fitzinterior.com\/fr\/wp-json\/wp\/v2\/types\/page"}],"author":[{"embeddable":true,"href":"https:\/\/www.fitzinterior.com\/fr\/wp-json\/wp\/v2\/users\/3"}],"replies":[{"embeddable":true,"href":"https:\/\/www.fitzinterior.com\/fr\/wp-json\/wp\/v2\/comments?post=280"}],"version-history":[{"count":9,"href":"https:\/\/www.fitzinterior.com\/fr\/wp-json\/wp\/v2\/pages\/280\/revisions"}],"predecessor-version":[{"id":2633,"href":"https:\/\/www.fitzinterior.com\/fr\/wp-json\/wp\/v2\/pages\/280\/revisions\/2633"}],"up":[{"embeddable":true,"href":"https:\/\/www.fitzinterior.com\/fr\/wp-json\/wp\/v2\/pages\/252"}],"wp:featuredmedia":[{"embeddable":true,"href":"https:\/\/www.fitzinterior.com\/fr\/wp-json\/wp\/v2\/media\/1118"}],"wp:attachment":[{"href":"https:\/\/www.fitzinterior.com\/fr\/wp-json\/wp\/v2\/media?parent=280"}],"curies":[{"name":"wp","href":"https:\/\/api.w.org\/{rel}","templated":true}]}}