{"id":252,"date":"2015-12-09T15:56:06","date_gmt":"2015-12-09T15:56:06","guid":{"rendered":"http:\/\/fitztech.de\/fr\/?page_id=252"},"modified":"2016-02-09T10:22:02","modified_gmt":"2016-02-09T10:22:02","slug":"savoir-faire","status":"publish","type":"page","link":"https:\/\/www.fitzinterior.com\/fr\/savoir-faire\/","title":{"rendered":"Savoir-Faire"},"content":{"rendered":"<p>Fitz Interior a \u00e9t\u00e9 fond\u00e9e en 1956 comme menuiserie. En 1985, les deux fils Josef et Dieter Fitz ont repris l\u2019entreprise de leur p\u00e8re et l\u2019ont d\u00e9velopp\u00e9e pour en faire une entreprise sp\u00e9cialis\u00e9e dans les installations d\u2019int\u00e9rieurs de m\u00e9ga yachts, d\u2019\u00e9tages de bureaux de cadres et de villas. Aujourd\u2019hui, elle compte parmi ses clients des entreprises internationales telles que BASF et Time Warner, des cr\u00e9ateurs tels que Terence Disdale et Newcruise et des fabricants de yachts tels que L\u00fcrssen ou OceAnco.\u00a0<ul class=\"boxes-list\"><li><div class=\"box\"><img decoding=\"async\" class=\"img\" src=\"https:\/\/www.fitzinterior.com\/wp-content\/uploads\/2016\/01\/Yacht-377x256.jpg\" alt=\"Au\u00dfenbereich mit Whirlpool auf einer Luxusyacht bei Sonnenuntergang\" ><span class=\"title\">Yachts<\/span><div class=\"description\"><h3>Yachts<\/h3><p>Offre de superbes yachts de luxe<\/p><a class=\"btn\" href=\"https:\/\/www.fitzinterior.com\/fr\/savoir-faire\/yachten\/\">Lire plus <\/a><\/div><\/div><\/li><li><div class=\"box\"><img decoding=\"async\" class=\"img\" src=\"https:\/\/www.fitzinterior.com\/wp-content\/uploads\/2016\/01\/Residental-377x256.jpg\" alt=\"Weinkeller in einer Luxusvilla\" ><span class=\"title\">Maison<\/span><div class=\"description\"><h3>Maison<\/h3><p>Int\u00e9rieur belles villas priv\u00e9es<\/p><a class=\"btn\" href=\"https:\/\/www.fitzinterior.com\/fr\/savoir-faire\/residentiel\/\">Lire plus<\/a><\/div><\/div><\/li><li><div class=\"box\"><img decoding=\"async\" class=\"img\" src=\"https:\/\/www.fitzinterior.com\/wp-content\/uploads\/2016\/01\/Company-377x256.jpg\" alt=\"Company Detail Stuhl mit Tisch\" ><span class=\"title\">Entreprise<\/span><div class=\"description\"><h3>Entreprise<\/h3><p>Int\u00e9rieur de bureaux exclusive<\/p><a class=\"btn\" href=\"https:\/\/www.fitzinterior.com\/fr\/savoir-faire\/entreprise\/\">Lire plus <\/a><\/div><\/div><\/li><li><div class=\"box\"><img decoding=\"async\" class=\"img\" src=\"https:\/\/www.fitzinterior.com\/wp-content\/uploads\/2016\/01\/Material-377x256.jpg\" alt=\"Materialbeispiele von Fitz zur Ausstattung\" ><span class=\"title\">Mat\u00e9riel<\/span><div class=\"description\"><h3>Mat\u00e9riel<\/h3><p>Des mat\u00e9riaux de haute qualit\u00e9<\/p><a class=\"btn\" href=\"https:\/\/www.fitzinterior.com\/fr\/savoir-faire\/materiel\/\">Lire plus<\/a><\/div><\/div><\/li><\/ul><\/p>\n","protected":false},"excerpt":{"rendered":"<p>Fitz Interior a \u00e9t\u00e9 fond\u00e9e en 1956 comme menuiserie. En 1985, les deux fils Josef et Dieter Fitz ont repris l\u2019entreprise de leur p\u00e8re et l\u2019ont d\u00e9velopp\u00e9e pour en faire une entreprise sp\u00e9cialis\u00e9e&#8230;<\/p>\n","protected":false},"author":3,"featured_media":552,"parent":0,"menu_order":0,"comment_status":"closed","ping_status":"closed","template":"","meta":{"_acf_changed":false,"footnotes":""},"class_list":["post-252","page","type-page","status-publish","has-post-thumbnail","hentry"],"acf":[],"_links":{"self":[{"href":"https:\/\/www.fitzinterior.com\/fr\/wp-json\/wp\/v2\/pages\/252","targetHints":{"allow":["GET"]}}],"collection":[{"href":"https:\/\/www.fitzinterior.com\/fr\/wp-json\/wp\/v2\/pages"}],"about":[{"href":"https:\/\/www.fitzinterior.com\/fr\/wp-json\/wp\/v2\/types\/page"}],"author":[{"embeddable":true,"href":"https:\/\/www.fitzinterior.com\/fr\/wp-json\/wp\/v2\/users\/3"}],"replies":[{"embeddable":true,"href":"https:\/\/www.fitzinterior.com\/fr\/wp-json\/wp\/v2\/comments?post=252"}],"version-history":[{"count":6,"href":"https:\/\/www.fitzinterior.com\/fr\/wp-json\/wp\/v2\/pages\/252\/revisions"}],"predecessor-version":[{"id":1880,"href":"https:\/\/www.fitzinterior.com\/fr\/wp-json\/wp\/v2\/pages\/252\/revisions\/1880"}],"wp:featuredmedia":[{"embeddable":true,"href":"https:\/\/www.fitzinterior.com\/fr\/wp-json\/wp\/v2\/media\/552"}],"wp:attachment":[{"href":"https:\/\/www.fitzinterior.com\/fr\/wp-json\/wp\/v2\/media?parent=252"}],"curies":[{"name":"wp","href":"https:\/\/api.w.org\/{rel}","templated":true}]}}