{"id":1488,"date":"2016-01-11T10:03:50","date_gmt":"2016-01-11T10:03:50","guid":{"rendered":"http:\/\/fitztech.de\/fr\/fitz-interior\/die-produktion\/"},"modified":"2016-02-09T09:26:56","modified_gmt":"2016-02-09T09:26:56","slug":"die-produktion","status":"publish","type":"page","link":"https:\/\/www.fitzinterior.com\/fr\/fitz-interior\/die-produktion\/","title":{"rendered":"Une visite de l\u2019atelier"},"content":{"rendered":"<div class=\"rand_infotext_01\">\n<p>Fitz Interior emploie environ 60 femmes et hommes. Toutes les pi\u00e8ces d\u2019un yacht, d\u2019une villa ou d\u2019un immeuble de bureaux sont cr\u00e9\u00e9es \u00e0 l\u2019int\u00e9rieur, sur les deux usines construction de l\u2019atelier. Ing\u00e9nieurs, \u00e9lectriciens, vernisseurs et menuisiers: il y a un expert pour chaque discipline dans l\u2019atelier de Fitz Interior.\u00a0Un coup d\u2019\u0153il \u00e0 l\u2019int\u00e9rieur de l\u2019atelier de Fitz Interior. Ici, plusieurs m\u00e9tiers divers sont rassembl\u00e9s sous un m\u00eame toit.<\/p>\n<ul class=\"boxes-list\"><li><div class=\"box\"><img decoding=\"async\" class=\"img\" src=\"https:\/\/www.fitzinterior.com\/wp-content\/uploads\/2016\/01\/Produktion2-377x256.jpg\" alt=\"Produktion bei Fitz mit Mitarbeiter und Pl\u00e4nen\" ><span class=\"title\">R\u00e9ception de travaux<\/span><div class=\"description\"><h3>R\u00e9ception de travaux<\/h3><p>Avant que la salle de bains pour invit\u00e9s en marbre noir ne parte pour le chantier naval, elle doit passer l\u2019ultime approbation avec succ\u00e8s.<\/p><\/div><\/div><\/li><li><div class=\"box\"><img decoding=\"async\" class=\"img\" src=\"https:\/\/www.fitzinterior.com\/wp-content\/uploads\/2016\/01\/Produktion3-377x256.jpg\" alt=\"Fitz Mitarbeiter bei der Arbeit\" ><span class=\"title\">Meulage <\/span><div class=\"description\"><h3>Meulage <\/h3><p>Ici, le pon\u00e7age des filigranes est fait \u00e0 la main.<\/p><\/div><\/div><\/li><li><div class=\"box\"><img decoding=\"async\" class=\"img\" src=\"https:\/\/www.fitzinterior.com\/wp-content\/uploads\/2016\/01\/Produktion4-377x256.jpg\" alt=\"Holz auf Lager bei Fitz\" ><span class=\"title\">Bois en stock<\/span><div class=\"description\"><h3>Bois en stock<\/h3><p>L\u2019inventaire comprend une grande vari\u00e9t\u00e9 de bois de toute forme et de toute taille.<\/p><\/div><\/div><\/li><li><div class=\"box\"><img decoding=\"async\" class=\"img\" src=\"https:\/\/www.fitzinterior.com\/wp-content\/uploads\/2016\/01\/Produktion5-377x256.jpg\" alt=\"Zwei Fitz Mitarbeiter beim Arbeiten\" ><span class=\"title\">Montage<\/span><div class=\"description\"><h3>Montage<\/h3><p>La charpente d\u2019une pi\u00e8ce a \u00e9t\u00e9 mont\u00e9e ; ce sera ensuite au tour des lambris pour les murs et le plafond.<\/p><\/div><\/div><\/li><li><div class=\"box\"><img decoding=\"async\" class=\"img\" src=\"https:\/\/www.fitzinterior.com\/wp-content\/uploads\/2016\/01\/Produktion7-377x256.jpg\" alt=\"Fitz Mitarbeiter beim Arbeiten\" ><span class=\"title\">Formes sur mesure<\/span><div class=\"description\"><h3>Formes sur mesure<\/h3><p>Quand il s\u2019agit de fabriquer des pi\u00e8ces moul\u00e9es sur mesure, une sensibilit\u00e9 vive et une forte stabilit\u00e9 sont d\u2019une importance primordiale.<\/p><\/div><\/div><\/li><li><div class=\"box\"><img decoding=\"async\" class=\"img\" src=\"https:\/\/www.fitzinterior.com\/wp-content\/uploads\/2016\/01\/Produktion8-377x256.jpg\" alt=\"Fitz Mitarbeiterin bei der Arbeit an einer Innenwand\" ><span class=\"title\">Des espaces sont cr\u00e9\u00e9s<\/span><div class=\"description\"><h3>Des espaces sont cr\u00e9\u00e9s<\/h3><p>L\u2019une apr\u00e8s l\u2019autre, chacune des pi\u00e8ces d\u2019un yacht est fabriqu\u00e9e ici, y compris les couloirs, les fen\u00eatres et les portes.<\/p><\/div><\/div><\/li><li><div class=\"box\"><img decoding=\"async\" class=\"img\" src=\"https:\/\/www.fitzinterior.com\/wp-content\/uploads\/2016\/01\/Produktion9-377x256.jpg\" alt=\"Fitz Mitarbeiter beim Lackieren\" ><span class=\"title\">Laquage<\/span><div class=\"description\"><h3>Laquage<\/h3><p>Fitz Interior a sa propre gammes d\u2019\u00e9maillage qui respecte les crit\u00e8res environnementaux les plus stricts.<\/p><\/div><\/div><\/li><li><div class=\"box\"><img decoding=\"async\" class=\"img\" src=\"https:\/\/www.fitzinterior.com\/wp-content\/uploads\/2016\/01\/Produktion10-377x256.jpg\" alt=\"Team Fitz \u00fcber Pl\u00e4nen an einem Tisch\" ><span class=\"title\">Une affaire de famille<\/span><div class=\"description\"><h3>Une affaire de famille<\/h3><p>Ici, tout se passe en famille: Josef et Dieter Fitz discutent des nouveaux projets avec les autres membres de la famille.<\/p><\/div><\/div><\/li><li><div class=\"box\"><img decoding=\"async\" class=\"img\" src=\"https:\/\/www.fitzinterior.com\/wp-content\/uploads\/2016\/01\/Produktion15-377x256.jpg\" alt=\"Fitz Knochen in Box von oben\" ><span class=\"title\">\u00c9l\u00e9ments de liaison<\/span><div class=\"description\"><h3>\u00c9l\u00e9ments de liaison<\/h3><p>Un coffre rempli de liens connecteurs. Apr\u00e8s les os Fitz, ces liens sont les \u00e9l\u00e9ments les plus essentiels.<\/p><\/div><\/div><\/li><li><div class=\"box\"><img decoding=\"async\" class=\"img\" src=\"https:\/\/www.fitzinterior.com\/wp-content\/uploads\/2016\/01\/Produktion11-377x256.jpg\" alt=\"Mitarbeiter Fitz bei der Arbeit\" ><span class=\"title\">Exact au millim\u00e8tre pr\u00e8s<\/span><div class=\"description\"><h3>Exact au millim\u00e8tre pr\u00e8s<\/h3><p>La structure des pi\u00e8ces est une question de millim\u00e8tres. Tout est compar\u00e9 aux plans techniques.<\/p><\/div><\/div><\/li><li><div class=\"box\"><img decoding=\"async\" class=\"img\" src=\"https:\/\/www.fitzinterior.com\/wp-content\/uploads\/2016\/01\/Produktion12-377x256.jpg\" alt=\"Runde B\u00f6gen aus Holz\" ><span class=\"title\">Orient\u00e9 vers les solutions<\/span><div class=\"description\"><h3>Orient\u00e9 vers les solutions<\/h3><p>Le client peut demander n\u2019importe quelle forme et n\u2019importe quelle texture: Fitz Interior se charge de trouver la solution.<\/p><\/div><\/div><\/li><li><div class=\"box\"><img decoding=\"async\" class=\"img\" src=\"https:\/\/www.fitzinterior.com\/wp-content\/uploads\/2016\/01\/Produktion13-377x256.jpg\" alt=\"Fitz Mitarbeiter bei der Arbeit\" ><span class=\"title\">Exp\u00e9rience<\/span><div class=\"description\"><h3>Exp\u00e9rience<\/h3><p>Les d\u00e9fis et t\u00e2ches, en perp\u00e9tuel changement, exigent de l\u2019exp\u00e9rience et un sens pr\u00e9cis des dimensions.<\/p><\/div><\/div><\/li><li><div class=\"box\"><img decoding=\"async\" class=\"img\" src=\"https:\/\/www.fitzinterior.com\/wp-content\/uploads\/2016\/01\/Produktion14-377x256.jpg\" alt=\"Fitz Mitarbeiter bei der Arbeit\" ><span class=\"title\">Doigt\u00e9 et tact<\/span><div class=\"description\"><h3>Doigt\u00e9 et tact<\/h3><p>Ici, les chefs-d\u2019\u0153uvre sont cr\u00e9\u00e9s avec une grande sensibilit\u00e9 et un soin extr\u00eame apport\u00e9 aux d\u00e9tails.<\/p><\/div><\/div><\/li><li><div class=\"box\"><img decoding=\"async\" class=\"img\" src=\"https:\/\/www.fitzinterior.com\/wp-content\/uploads\/2016\/01\/Produktion16-377x256.jpg\" alt=\"Holzbild mit Adler\" ><span class=\"title\">Marqueteries<\/span><div class=\"description\"><h3>Marqueteries<\/h3><p>Il est difficile de trouver une autre menuiserie capable de produire des parquets si somptueux.<\/p><\/div><\/div><\/li><li><div class=\"box\"><img decoding=\"async\" class=\"img\" src=\"https:\/\/www.fitzinterior.com\/wp-content\/uploads\/2016\/01\/Produktion17-377x256.jpg\" alt=\"Mitarbeiter Fitz bei der Arbeit\" ><span class=\"title\">Travail manuel<\/span><div class=\"description\"><h3>Travail manuel<\/h3><p>Fitz Interior continue \u00e0 mettre l\u2019accent sur la production manuelle.<\/p><\/div><\/div><\/li><li><div class=\"box\"><img decoding=\"async\" class=\"img\" src=\"https:\/\/www.fitzinterior.com\/wp-content\/uploads\/2016\/01\/Produktion18-377x256.jpg\" alt=\"Mitarbeiter Fitz am PC\" ><span class=\"title\">CAO (Conception assist\u00e9e par ordinateur)<\/span><div class=\"description\"><h3>CAO (Conception assist\u00e9e par ordinateur)<\/h3><p>Tout le travail est bas\u00e9 sur des plans CAD informatiques.<\/p><\/div><\/div><\/li><li><div class=\"box\"><img decoding=\"async\" class=\"img\" src=\"https:\/\/www.fitzinterior.com\/wp-content\/uploads\/2016\/01\/Produktion19-377x256.jpg\" alt=\"Maschine Produktion Fitz Interior\" ><span class=\"title\">Laser<\/span><div class=\"description\"><h3>Laser<\/h3><p>Le laser de pr\u00e9cision couper des morceaux de bois avec une pr\u00e9cision au millim\u00e8tre pr\u00e8s.<\/p><\/div><\/div><\/li><li><div class=\"box\"><img decoding=\"async\" class=\"img\" src=\"https:\/\/www.fitzinterior.com\/wp-content\/uploads\/2016\/01\/Produktion20-377x256.jpg\" alt=\"Produktion Detailaufnahmen Holz\" ><span class=\"title\">Exemple laser<\/span><div class=\"description\"><h3>Exemple laser<\/h3><p>Un exemple de l\u2019excellente pr\u00e9cision du laser.<\/p><\/div><\/div><\/li><li><div class=\"box\"><img decoding=\"async\" class=\"img\" src=\"https:\/\/www.fitzinterior.com\/wp-content\/uploads\/2016\/01\/Produktion21-377x256.jpg\" alt=\"Kleines Holzmodell\" ><span class=\"title\">Mod\u00e8les d\u2019espaces<\/span><div class=\"description\"><h3>Mod\u00e8les d\u2019espaces<\/h3><p>La maquette d\u2019une pi\u00e8ce du m\u00e9ga yacht PELORUS. Elle a servi de mod\u00e8le pour la construction finale.<\/p><\/div><\/div><\/li><li><div class=\"box\"><img decoding=\"async\" class=\"img\" src=\"https:\/\/www.fitzinterior.com\/wp-content\/uploads\/2016\/01\/Produktion22-377x256.jpg\" alt=\"Produktion\" ><span class=\"title\">Inscription<\/span><div class=\"description\"><h3>Inscription<\/h3><p>Toutes les bo\u00eetes et tous les \u00e9l\u00e9ments de construction sont \u00e9tiquet\u00e9s au laser.<\/p><\/div><\/div><\/li><\/ul>\n<\/div>\n","protected":false},"excerpt":{"rendered":"<p>Fitz Interior emploie environ 60 femmes et hommes. Toutes les pi\u00e8ces d\u2019un yacht, d\u2019une villa ou d\u2019un immeuble de bureaux sont cr\u00e9\u00e9es \u00e0 l\u2019int\u00e9rieur, sur les deux usines construction de l\u2019atelier. Ing\u00e9nieurs, \u00e9lectriciens,&#8230;<\/p>\n","protected":false},"author":3,"featured_media":1157,"parent":305,"menu_order":0,"comment_status":"closed","ping_status":"closed","template":"","meta":{"_acf_changed":false,"footnotes":""},"class_list":["post-1488","page","type-page","status-publish","has-post-thumbnail","hentry"],"acf":[],"_links":{"self":[{"href":"https:\/\/www.fitzinterior.com\/fr\/wp-json\/wp\/v2\/pages\/1488","targetHints":{"allow":["GET"]}}],"collection":[{"href":"https:\/\/www.fitzinterior.com\/fr\/wp-json\/wp\/v2\/pages"}],"about":[{"href":"https:\/\/www.fitzinterior.com\/fr\/wp-json\/wp\/v2\/types\/page"}],"author":[{"embeddable":true,"href":"https:\/\/www.fitzinterior.com\/fr\/wp-json\/wp\/v2\/users\/3"}],"replies":[{"embeddable":true,"href":"https:\/\/www.fitzinterior.com\/fr\/wp-json\/wp\/v2\/comments?post=1488"}],"version-history":[{"count":3,"href":"https:\/\/www.fitzinterior.com\/fr\/wp-json\/wp\/v2\/pages\/1488\/revisions"}],"predecessor-version":[{"id":1809,"href":"https:\/\/www.fitzinterior.com\/fr\/wp-json\/wp\/v2\/pages\/1488\/revisions\/1809"}],"up":[{"embeddable":true,"href":"https:\/\/www.fitzinterior.com\/fr\/wp-json\/wp\/v2\/pages\/305"}],"wp:featuredmedia":[{"embeddable":true,"href":"https:\/\/www.fitzinterior.com\/fr\/wp-json\/wp\/v2\/media\/1157"}],"wp:attachment":[{"href":"https:\/\/www.fitzinterior.com\/fr\/wp-json\/wp\/v2\/media?parent=1488"}],"curies":[{"name":"wp","href":"https:\/\/api.w.org\/{rel}","templated":true}]}}