{"id":1485,"date":"2016-01-11T09:50:35","date_gmt":"2016-01-11T09:50:35","guid":{"rendered":"http:\/\/fitztech.de\/fr\/fitz-interior\/das-fitz-system\/"},"modified":"2016-02-09T10:23:50","modified_gmt":"2016-02-09T10:23:50","slug":"das-fitz-system","status":"publish","type":"page","link":"https:\/\/www.fitzinterior.com\/fr\/fitz-interior\/das-fitz-system\/","title":{"rendered":"Le syst\u00e8me Fitz"},"content":{"rendered":"<p>Mertingen est id\u00e9alement situ\u00e9 sur une autoroute \u00e0 quatre voies et l&rsquo;autoroute \u00e0 six voies Augsbourg \u2013 Munich passe juste \u00e0 c\u00f4t\u00e9 de l\u2019a\u00e9roport. Gr\u00e2ce \u00e0 une entente avec Eurocopter de Donauwoerth, les invit\u00e9s importants sont directement transport\u00e9s par h\u00e9licopt\u00e8re de l\u2019a\u00e9roport au site de l\u2019entrprise Fitz Int\u00e9rior. Et pourtant, des architectes, des designers et des fabricants de yachts du monde entier confient leurs installations pour yachts, villas et \u00e9tages entiers de bureaux de cadres \u00e0 Fitz Interior, situ\u00e9 \u00e0 Mertingen. Puisqu\u2019une qualit\u00e9 excellente est une pr\u00e9occupation plus fondamentale qu\u2019un endroit centralis\u00e9, le lieu o\u00f9 se trouvent les ateliers de Fitz Interior importe peu.<\/p>\n<div class=\"toggler-c toggler-c-opened\" title=\"\">\n<p>Dans la mesure o\u00f9 Fitz Interior a invent\u00e9 \u00ab L\u2019Os-Fitz \u00bb qui ressemble \u00e0 un \u00ab X \u00bb \u00e9tir\u00e9. Tous les \u00e9l\u00e9ments de construction et les pi\u00e8ces d\u2019un yacht ou d\u2019un immeuble sont pr\u00e9fabriqu\u00e9s selon un plan r\u00e9alis\u00e9 au laser, avec une pr\u00e9cision au millim\u00e8tre pr\u00e8s, sur un panneau de fibres de haute densit\u00e9, \u00e0 Mertingen. Ici, les os Fitz servent de liaison. Ensuite, les \u00e9l\u00e9ments de construction sont emball\u00e9s dans des caisses et envoy\u00e9s aux chantiers o\u00f9 ils seront assembl\u00e9s avec exactitude par des experts de Fitz. Sous cet angle, les pi\u00e8ces sont construites deux fois: une premi\u00e8re fois dans l\u2019usine \u00e0 Mertingen, o\u00f9 le client peut en faire l\u2019exp\u00e9rience directement, et une seconde fois \u00e0 leur ultime destination.<\/p>\n<\/div>\n<ul class=\"boxes-list\"><li><div class=\"box\"><img decoding=\"async\" class=\"img\" src=\"https:\/\/www.fitzinterior.com\/wp-content\/uploads\/2016\/01\/System1-377x256.jpg\" alt=\"\" ><span class=\"title\"><\/span><div class=\"description\"><h3><\/h3><p><\/p><\/div><\/div><\/li><li><div class=\"box\"><img decoding=\"async\" class=\"img\" src=\"https:\/\/www.fitzinterior.com\/wp-content\/uploads\/2016\/01\/System2-377x256.jpg\" alt=\"\" ><span class=\"title\"><\/span><div class=\"description\"><h3><\/h3><p><\/p><\/div><\/div><\/li><\/ul>\n","protected":false},"excerpt":{"rendered":"<p>Mertingen est id\u00e9alement situ\u00e9 sur une autoroute \u00e0 quatre voies et l&rsquo;autoroute \u00e0 six voies Augsbourg \u2013 Munich passe juste \u00e0 c\u00f4t\u00e9 de l\u2019a\u00e9roport. Gr\u00e2ce \u00e0 une entente avec Eurocopter de Donauwoerth, les&#8230;<\/p>\n","protected":false},"author":3,"featured_media":1148,"parent":305,"menu_order":0,"comment_status":"closed","ping_status":"closed","template":"","meta":{"_acf_changed":false,"footnotes":""},"class_list":["post-1485","page","type-page","status-publish","has-post-thumbnail","hentry"],"acf":[],"_links":{"self":[{"href":"https:\/\/www.fitzinterior.com\/fr\/wp-json\/wp\/v2\/pages\/1485","targetHints":{"allow":["GET"]}}],"collection":[{"href":"https:\/\/www.fitzinterior.com\/fr\/wp-json\/wp\/v2\/pages"}],"about":[{"href":"https:\/\/www.fitzinterior.com\/fr\/wp-json\/wp\/v2\/types\/page"}],"author":[{"embeddable":true,"href":"https:\/\/www.fitzinterior.com\/fr\/wp-json\/wp\/v2\/users\/3"}],"replies":[{"embeddable":true,"href":"https:\/\/www.fitzinterior.com\/fr\/wp-json\/wp\/v2\/comments?post=1485"}],"version-history":[{"count":3,"href":"https:\/\/www.fitzinterior.com\/fr\/wp-json\/wp\/v2\/pages\/1485\/revisions"}],"predecessor-version":[{"id":1881,"href":"https:\/\/www.fitzinterior.com\/fr\/wp-json\/wp\/v2\/pages\/1485\/revisions\/1881"}],"up":[{"embeddable":true,"href":"https:\/\/www.fitzinterior.com\/fr\/wp-json\/wp\/v2\/pages\/305"}],"wp:featuredmedia":[{"embeddable":true,"href":"https:\/\/www.fitzinterior.com\/fr\/wp-json\/wp\/v2\/media\/1148"}],"wp:attachment":[{"href":"https:\/\/www.fitzinterior.com\/fr\/wp-json\/wp\/v2\/media?parent=1485"}],"curies":[{"name":"wp","href":"https:\/\/api.w.org\/{rel}","templated":true}]}}