{"id":1482,"date":"2016-01-11T09:09:14","date_gmt":"2016-01-11T09:09:14","guid":{"rendered":"http:\/\/fitztech.de\/fr\/fitz-interior\/das-unternehmen\/"},"modified":"2016-02-09T09:38:13","modified_gmt":"2016-02-09T09:38:13","slug":"das-unternehmen","status":"publish","type":"page","link":"https:\/\/www.fitzinterior.com\/fr\/fitz-interior\/das-unternehmen\/","title":{"rendered":"B\u00e2timents d&rsquo;entreprise"},"content":{"rendered":"<p>Au printemps 2015, le nouvel atelier d\u2019une surface de 7000 m\u00b2 a \u00e9t\u00e9 termin\u00e9. Les grands chefs-d&rsquo;\u0153uvre luxueux pour yachts, villas et b\u00e2timents d&rsquo;entreprises sont fabriqu\u00e9s dans l&rsquo;annexe, dont le centre constitue \u00abl&rsquo;\u0153il magique\u00bb.<br \/>\n<ul class=\"boxes-list\"><li><div class=\"box\"><img decoding=\"async\" class=\"img\" src=\"https:\/\/www.fitzinterior.com\/wp-content\/uploads\/2016\/01\/Geb\u00e4ude4-377x256.jpg\" alt=\"\" ><span class=\"title\">Entr\u00e9e<\/span><div class=\"description\"><h3>Entr\u00e9e<\/h3><p><\/p><\/div><\/div><\/li><li><div class=\"box\"><img decoding=\"async\" class=\"img\" src=\"https:\/\/www.fitzinterior.com\/wp-content\/uploads\/2016\/01\/Geb\u00e4ude2-377x256.jpg\" alt=\"\" ><span class=\"title\">Vue lat\u00e9rale<\/span><div class=\"description\"><h3>Vue lat\u00e9rale<\/h3><p><\/p><\/div><\/div><\/li><li><div class=\"box\"><img decoding=\"async\" class=\"img\" src=\"https:\/\/www.fitzinterior.com\/wp-content\/uploads\/2016\/01\/Geb\u00e4ude1-377x256.jpg\" alt=\"\" ><span class=\"title\">Perspective\u00a0\u00e0\u00a0vol\u00a0d'oiseau<\/span><div class=\"description\"><h3>Perspective\u00a0\u00e0\u00a0vol\u00a0d'oiseau<\/h3><p><\/p><\/div><\/div><\/li><li><div class=\"box\"><img decoding=\"async\" class=\"img\" src=\"https:\/\/www.fitzinterior.com\/wp-content\/uploads\/2016\/01\/Geb\u00e4ude3-377x256.jpg\" alt=\"\" ><span class=\"title\">Salle int\u00e9rieur<\/span><div class=\"description\"><h3>Salle int\u00e9rieur<\/h3><p><\/p><\/div><\/div><\/li><\/ul><\/p>\n","protected":false},"excerpt":{"rendered":"<p>Au printemps 2015, le nouvel atelier d\u2019une surface de 7000 m\u00b2 a \u00e9t\u00e9 termin\u00e9. Les grands chefs-d&rsquo;\u0153uvre luxueux pour yachts, villas et b\u00e2timents d&rsquo;entreprises sont fabriqu\u00e9s dans l&rsquo;annexe, dont le centre constitue \u00abl&rsquo;\u0153il&#8230;<\/p>\n","protected":false},"author":3,"featured_media":1133,"parent":305,"menu_order":0,"comment_status":"closed","ping_status":"closed","template":"","meta":{"_acf_changed":false,"footnotes":""},"class_list":["post-1482","page","type-page","status-publish","has-post-thumbnail","hentry"],"acf":[],"_links":{"self":[{"href":"https:\/\/www.fitzinterior.com\/fr\/wp-json\/wp\/v2\/pages\/1482","targetHints":{"allow":["GET"]}}],"collection":[{"href":"https:\/\/www.fitzinterior.com\/fr\/wp-json\/wp\/v2\/pages"}],"about":[{"href":"https:\/\/www.fitzinterior.com\/fr\/wp-json\/wp\/v2\/types\/page"}],"author":[{"embeddable":true,"href":"https:\/\/www.fitzinterior.com\/fr\/wp-json\/wp\/v2\/users\/3"}],"replies":[{"embeddable":true,"href":"https:\/\/www.fitzinterior.com\/fr\/wp-json\/wp\/v2\/comments?post=1482"}],"version-history":[{"count":2,"href":"https:\/\/www.fitzinterior.com\/fr\/wp-json\/wp\/v2\/pages\/1482\/revisions"}],"predecessor-version":[{"id":1836,"href":"https:\/\/www.fitzinterior.com\/fr\/wp-json\/wp\/v2\/pages\/1482\/revisions\/1836"}],"up":[{"embeddable":true,"href":"https:\/\/www.fitzinterior.com\/fr\/wp-json\/wp\/v2\/pages\/305"}],"wp:featuredmedia":[{"embeddable":true,"href":"https:\/\/www.fitzinterior.com\/fr\/wp-json\/wp\/v2\/media\/1133"}],"wp:attachment":[{"href":"https:\/\/www.fitzinterior.com\/fr\/wp-json\/wp\/v2\/media?parent=1482"}],"curies":[{"name":"wp","href":"https:\/\/api.w.org\/{rel}","templated":true}]}}