{"id":1473,"date":"2016-01-11T12:27:30","date_gmt":"2016-01-11T12:27:30","guid":{"rendered":"http:\/\/fitztech.de\/fr\/raecke-und-krueger\/"},"modified":"2016-05-05T11:54:21","modified_gmt":"2016-05-05T11:54:21","slug":"raecke-und-krueger","status":"publish","type":"page","link":"https:\/\/www.fitzinterior.com\/fr\/raecke-und-krueger\/","title":{"rendered":"Raecke und Kr\u00fcger"},"content":{"rendered":"<p>\u00ab\u00a0La coop\u00e9ration avec Fitz Interior a toujours \u00e9t\u00e9 exceptionnelle. L&rsquo;exp\u00e9rience de l&rsquo;\u00e9quipe nous a permis de d\u00e9velopper et mettre en \u0153uvre des \u00e9bauches et des id\u00e9es particuli\u00e8res. La qualit\u00e9 du produit livr\u00e9 par Fitz Interior d&rsquo;apr\u00e8s nos croquis \u00e9tait \u00e0 chaque fois impressionnante. Fitz Interior a tout \u00e0 fait m\u00e9rit\u00e9 le titre de manufacture.\u00a0\u00bb<\/p>\n<ul class=\"boxes-list\"><li><div class=\"box\"><img decoding=\"async\" class=\"img\" src=\"https:\/\/www.fitzinterior.com\/wp-content\/uploads\/2016\/01\/Designer6-377x256.jpg\" alt=\"Yacht Designer\" ><span class=\"title\">Katharina Raczek & Roland Kr\u00fcger<\/span><div class=\"description\"><h3>Katharina Raczek & Roland Kr\u00fcger<\/h3><p><\/p><\/div><\/div><\/li><\/ul>\n<p>&nbsp;<\/p>\n<p><a href=\"http:\/\/fitztech.de\/fr\/ueber-fitz\/designer\/\"><strong>&lt;&lt; alle Designer<\/strong><\/a><\/p>\n","protected":false},"excerpt":{"rendered":"<p>\u00ab\u00a0La coop\u00e9ration avec Fitz Interior a toujours \u00e9t\u00e9 exceptionnelle. L&rsquo;exp\u00e9rience de l&rsquo;\u00e9quipe nous a permis de d\u00e9velopper et mettre en \u0153uvre des \u00e9bauches et des id\u00e9es particuli\u00e8res. La qualit\u00e9 du produit livr\u00e9 par&#8230;<\/p>\n","protected":false},"author":3,"featured_media":1226,"parent":0,"menu_order":0,"comment_status":"closed","ping_status":"closed","template":"","meta":{"_acf_changed":false,"footnotes":""},"class_list":["post-1473","page","type-page","status-publish","has-post-thumbnail","hentry"],"acf":[],"_links":{"self":[{"href":"https:\/\/www.fitzinterior.com\/fr\/wp-json\/wp\/v2\/pages\/1473","targetHints":{"allow":["GET"]}}],"collection":[{"href":"https:\/\/www.fitzinterior.com\/fr\/wp-json\/wp\/v2\/pages"}],"about":[{"href":"https:\/\/www.fitzinterior.com\/fr\/wp-json\/wp\/v2\/types\/page"}],"author":[{"embeddable":true,"href":"https:\/\/www.fitzinterior.com\/fr\/wp-json\/wp\/v2\/users\/3"}],"replies":[{"embeddable":true,"href":"https:\/\/www.fitzinterior.com\/fr\/wp-json\/wp\/v2\/comments?post=1473"}],"version-history":[{"count":5,"href":"https:\/\/www.fitzinterior.com\/fr\/wp-json\/wp\/v2\/pages\/1473\/revisions"}],"predecessor-version":[{"id":2570,"href":"https:\/\/www.fitzinterior.com\/fr\/wp-json\/wp\/v2\/pages\/1473\/revisions\/2570"}],"wp:featuredmedia":[{"embeddable":true,"href":"https:\/\/www.fitzinterior.com\/fr\/wp-json\/wp\/v2\/media\/1226"}],"wp:attachment":[{"href":"https:\/\/www.fitzinterior.com\/fr\/wp-json\/wp\/v2\/media?parent=1473"}],"curies":[{"name":"wp","href":"https:\/\/api.w.org\/{rel}","templated":true}]}}