{"id":1467,"date":"2016-01-11T12:21:15","date_gmt":"2016-01-11T12:21:15","guid":{"rendered":"http:\/\/fitztech.de\/fr\/frank-neubelt\/"},"modified":"2016-02-09T09:45:04","modified_gmt":"2016-02-09T09:45:04","slug":"frank-neubelt","status":"publish","type":"page","link":"https:\/\/www.fitzinterior.com\/fr\/frank-neubelt\/","title":{"rendered":"Frank Neubelt"},"content":{"rendered":"<p>\u00ab\u00a0Qualit\u00e9, engagement et savoir-faire artisanal sans pr\u00e9c\u00e9dent. La qualit\u00e9 de Fitz Interior chez Siren et Triple Seven est sans pareille par rapport \u00e0 tous les autres projets auxquels j\u2019ai travaill\u00e9.\u00a0\u00bb<\/p>\n<ul class=\"boxes-list\"><li><div class=\"box\"><img decoding=\"async\" class=\"img\" src=\"https:\/\/www.fitzinterior.com\/wp-content\/uploads\/2016\/01\/Designer8-377x256.jpg\" alt=\"\" ><span class=\"title\">Frank Neubelt<\/span><div class=\"description\"><h3>Frank Neubelt<\/h3><p><\/p><\/div><\/div><\/li><\/ul>\n<p>&nbsp;<\/p>\n<p><a href=\"http:\/\/fitztech.de\/fr\/ueber-fitz\/designer\/\"><strong>&lt;&lt; alle Designer<\/strong><\/a><\/p>\n<p>&nbsp;<\/p>\n","protected":false},"excerpt":{"rendered":"<p>\u00ab\u00a0Qualit\u00e9, engagement et savoir-faire artisanal sans pr\u00e9c\u00e9dent. La qualit\u00e9 de Fitz Interior chez Siren et Triple Seven est sans pareille par rapport \u00e0 tous les autres projets auxquels j\u2019ai travaill\u00e9.\u00a0\u00bb &nbsp; &lt;&lt; alle&#8230;<\/p>\n","protected":false},"author":3,"featured_media":1226,"parent":0,"menu_order":0,"comment_status":"closed","ping_status":"closed","template":"","meta":{"_acf_changed":false,"footnotes":""},"class_list":["post-1467","page","type-page","status-publish","has-post-thumbnail","hentry"],"acf":[],"_links":{"self":[{"href":"https:\/\/www.fitzinterior.com\/fr\/wp-json\/wp\/v2\/pages\/1467","targetHints":{"allow":["GET"]}}],"collection":[{"href":"https:\/\/www.fitzinterior.com\/fr\/wp-json\/wp\/v2\/pages"}],"about":[{"href":"https:\/\/www.fitzinterior.com\/fr\/wp-json\/wp\/v2\/types\/page"}],"author":[{"embeddable":true,"href":"https:\/\/www.fitzinterior.com\/fr\/wp-json\/wp\/v2\/users\/3"}],"replies":[{"embeddable":true,"href":"https:\/\/www.fitzinterior.com\/fr\/wp-json\/wp\/v2\/comments?post=1467"}],"version-history":[{"count":3,"href":"https:\/\/www.fitzinterior.com\/fr\/wp-json\/wp\/v2\/pages\/1467\/revisions"}],"predecessor-version":[{"id":1851,"href":"https:\/\/www.fitzinterior.com\/fr\/wp-json\/wp\/v2\/pages\/1467\/revisions\/1851"}],"wp:featuredmedia":[{"embeddable":true,"href":"https:\/\/www.fitzinterior.com\/fr\/wp-json\/wp\/v2\/media\/1226"}],"wp:attachment":[{"href":"https:\/\/www.fitzinterior.com\/fr\/wp-json\/wp\/v2\/media?parent=1467"}],"curies":[{"name":"wp","href":"https:\/\/api.w.org\/{rel}","templated":true}]}}