{"id":2430,"date":"2015-12-09T17:56:18","date_gmt":"2015-12-09T17:56:18","guid":{"rendered":"http:\/\/www.fitzinterior.com\/ar\/impressum\/"},"modified":"2019-02-21T12:00:46","modified_gmt":"2019-02-21T12:00:46","slug":"impressum","status":"publish","type":"page","link":"https:\/\/www.fitzinterior.com\/ar\/impressum\/","title":{"rendered":"Impressum"},"content":{"rendered":"<p><strong>Verantwortlich f\u00fcr den Inhalt dieser Seite:<\/strong><\/p>\n<p>Fitz Interior GmbH<br \/>\nAmtsgericht Augsburg HRB 17371<br \/>\nGesch\u00e4ftsf\u00fchrer: Josef Fitz<\/p>\n<p>USt-IdNr.: DE206840387<\/p>\n<p>Fitz Interior GmbH<br \/>\nDr.-Steichele-Str. 40<br \/>\nD-86690 Mertingen<\/p>\n<p>Tel.: +49 (0)\u20099078 96\u200992-0<br \/>\nFax: +49 (0)\u20099078 96\u200992-199<br \/>\nE-Mail: info@fitztech.de<\/p>\n<p><strong>Rechtlicher Hinweis:<\/strong><br \/>\nTrotz sorgf\u00e4ltiger Kontrolle und gro\u00dfen Vertrauens in das Verantwortungsbewusstsein und in die Zuverl\u00e4ssigkeit unserer Partner, \u00fcbernehmen wir keine Haftung f\u00fcr die Inhalte externer Links. F\u00fcr den Inhalt verlinkter Seiten sind ausschlie\u00dflich deren Betreiber verantwortlich.<\/p>\n<p><a href=\"https:\/\/www.fitzinterior.com\/wp-content\/uploads\/2019\/02\/Allgemeine_Geschaftsbedingungen_der_Fitz_Interior.pdf\">Allgemeine_Geschaftsbedingungen_der_Fitz_Interior<\/a><\/p>\n","protected":false},"excerpt":{"rendered":"<p>Verantwortlich f\u00fcr den Inhalt dieser Seite: Fitz Interior GmbH Amtsgericht Augsburg HRB 17371 Gesch\u00e4ftsf\u00fchrer: Josef Fitz USt-IdNr.: DE206840387 Fitz Interior GmbH Dr.-Steichele-Str. 40 D-86690 Mertingen Tel.: +49 (0)\u20099078 96\u200992-0 Fax: +49 (0)\u20099078 96\u200992-199&#8230;<\/p>\n","protected":false},"author":3,"featured_media":2006,"parent":0,"menu_order":0,"comment_status":"closed","ping_status":"closed","template":"","meta":{"_acf_changed":false,"footnotes":""},"class_list":["post-2430","page","type-page","status-publish","has-post-thumbnail","hentry"],"acf":[],"_links":{"self":[{"href":"https:\/\/www.fitzinterior.com\/ar\/wp-json\/wp\/v2\/pages\/2430","targetHints":{"allow":["GET"]}}],"collection":[{"href":"https:\/\/www.fitzinterior.com\/ar\/wp-json\/wp\/v2\/pages"}],"about":[{"href":"https:\/\/www.fitzinterior.com\/ar\/wp-json\/wp\/v2\/types\/page"}],"author":[{"embeddable":true,"href":"https:\/\/www.fitzinterior.com\/ar\/wp-json\/wp\/v2\/users\/3"}],"replies":[{"embeddable":true,"href":"https:\/\/www.fitzinterior.com\/ar\/wp-json\/wp\/v2\/comments?post=2430"}],"version-history":[{"count":4,"href":"https:\/\/www.fitzinterior.com\/ar\/wp-json\/wp\/v2\/pages\/2430\/revisions"}],"predecessor-version":[{"id":3386,"href":"https:\/\/www.fitzinterior.com\/ar\/wp-json\/wp\/v2\/pages\/2430\/revisions\/3386"}],"wp:featuredmedia":[{"embeddable":true,"href":"https:\/\/www.fitzinterior.com\/ar\/wp-json\/wp\/v2\/media\/2006"}],"wp:attachment":[{"href":"https:\/\/www.fitzinterior.com\/ar\/wp-json\/wp\/v2\/media?parent=2430"}],"curies":[{"name":"wp","href":"https:\/\/api.w.org\/{rel}","templated":true}]}}