{"id":2253,"date":"2016-01-12T11:34:27","date_gmt":"2016-01-12T11:34:27","guid":{"rendered":"http:\/\/www.fitzinterior.com\/ar\/presse\/"},"modified":"2019-11-18T13:19:18","modified_gmt":"2019-11-18T13:19:18","slug":"presse","status":"publish","type":"page","link":"https:\/\/www.fitzinterior.com\/ar\/presse\/","title":{"rendered":"Presse"},"content":{"rendered":"<p>Nachfolgend finden Sie verschiedene ver\u00f6ffentlichte Presseartikel zu unserer Arbeit oder unserem Unternehmen:<\/p>\n<p>Deutsche Handwerks Zeitung\u00a0\u00fcber Fitz Interior &#8211; <a href=\"http:\/\/www.fitzinterior.com\/Werbung\/Boote_Exklusiv_Nov_2018\/Boote%20Exklusiv%20Nov%202018.pdf\" target=\"_blank\" rel=\"noopener\">Artikel lesen<\/a><br \/>\nBOOTE Exclusiv Magazin \u00fcber Fitz Interior &#8211; <a href=\"http:\/\/www.fitzinterior.com\/Werbung\/Boote_Exklusiv_Nov_2018\/Boote%20Exklusiv%20Nov%202018.pdf\" target=\"_blank\" rel=\"noopener\"><u>Artikel lesen<\/u><\/a><br \/>\nbrand eins Magazin \u00fcber Fitz Interior &#8211; <a href=\"https:\/\/www.brandeins.de\/magazine\/brand-eins-wirtschaftsmagazin\/2018\/geduld\/feinstes-handwerk\" target=\"_blank\" rel=\"noopener\"><u>Artikel lesen<\/u><\/a><br \/>\nHOMAG Group Edge Magazin \u00fcber Fitz Interior &#8211; <a href=\"https:\/\/www.homag.com\/fileadmin\/magazines\/edge\/HOMAG-edge-2018-DE.pdf\" target=\"_blank\" rel=\"noopener\"><u>Artikel lesen<\/u><\/a><br \/>\nAugsburger Allgemeine (Zeitung) \u00fcber Handwerk 4.0 &#8211;\u00a0<a href=\"https:\/\/www.augsburger-allgemeine.de\/wirtschaft\/Die-vierte-industrielle-Revolution-in-der-Region-id50669086.html\" target=\"_blank\" rel=\"noopener\"><u>Artikel lesen<\/u><\/a><br \/>\nBMonline (Das Portal f\u00fcr Schreiner) \u00fcber Fitz Interior &#8211; <a href=\"https:\/\/www.bm-online.de\/praxis-und-kollegentipps\/zu-gast-beim-kollegen\/perfektion-bis-ins-allerletzte-detail\/\" target=\"_blank\" rel=\"noopener\"><u>Artikel lesen<\/u><\/a><br \/>\nYD Yacht Design (Magazin) \u00fcber FORTUNA &#8211; <a href=\"http:\/\/fitztech.de\/wp-content\/uploads\/2016\/01\/YDYACHTDESIGN_FORTUNA_2002.pdf\" target=\"_blank\" rel=\"noopener\"><u>Artikel lesen<\/u><\/a><br \/>\nAugsburger Allgemeine (Zeitung) \u00fcber die Yacht des Scheichs &#8211;\u00a0<a href=\"http:\/\/fitztech.de\/wp-content\/uploads\/2016\/01\/AugsburgerAllgemeine2003.pdf\" target=\"_blank\" rel=\"noopener\"><u>Artikel lesen<\/u><\/a><br \/>\nStern.de (Online) \u00fcber Fitz Interior &#8211; <a href=\"http:\/\/www.stern.de\/wirtschaft\/handwerk-schwaben-schreinern-fuer-koenigliche-yachten-3075220.html\" target=\"_blank\" rel=\"noopener\"><u>Artikel lesen<\/u><\/a><br \/>\nHandfest (Magazin) Magazin \u00fcber die Ausbildung bei Fitz Interior &#8211; <a href=\"http:\/\/fitztech.de\/wp-content\/uploads\/2016\/01\/handfest_04_2005.pdf\" target=\"_blank\" rel=\"noopener\"><u>Artikel lesen<\/u><\/a><br \/>\nDie Welt der Superyachten (Bildband) \u00fcber PELORUS &#8211; <a href=\"http:\/\/fitztech.de\/wp-content\/uploads\/2016\/01\/THEWORLDOFSUPERYACHTS.pdf\" target=\"_blank\" rel=\"noopener\"><u>Artikel lesen<\/u><\/a><br \/>\nAugsburger Allgemeine (Zeitung) \u00fcber Fitz Interior &#8211; <a href=\"http:\/\/fitztech.de\/wp-content\/uploads\/2016\/01\/AugsburgerAllgemeine2011.pdf\" target=\"_blank\" rel=\"noopener\"><u>Artikel lesen<\/u><\/a><br \/>\nAugsburger Allgemeine (Online) \u00fcber die Gewerbeschau &#8211; <a href=\"http:\/\/www.augsburger-allgemeine.de\/donauwoerth\/Gewerbeschau-mit-ueber-60-Ausstellern-id15128666.html\" target=\"_blank\" rel=\"noopener\"><u>Artikel lesen<\/u><\/a><br \/>\nRieser Nachrichten (Online) \u00fcber Fitz Interior Neubau &#8211; <a href=\"http:\/\/www.augsburger-allgemeine.de\/donauwoerth\/Luxusausstatter-will-wachsen-id19674116.html\" target=\"_blank\" rel=\"noopener\"><u>Artikel lesen<\/u><\/a><br \/>\nBayerische Staatszeitung (Zeitung) \u00fcber Fitz Neubau &#8211; <a href=\"http:\/\/fitztech.de\/wp-content\/uploads\/2016\/01\/ArbeitenmittinimGruenen.pdf\" target=\"_blank\" rel=\"noopener\"><u>Artikel lesen<\/u><\/a><\/p>\n","protected":false},"excerpt":{"rendered":"<p>Nachfolgend finden Sie verschiedene ver\u00f6ffentlichte Presseartikel zu unserer Arbeit oder unserem Unternehmen: Deutsche Handwerks Zeitung\u00a0\u00fcber Fitz Interior &#8211; Artikel lesen BOOTE Exclusiv Magazin \u00fcber Fitz Interior &#8211; Artikel lesen brand eins Magazin \u00fcber&#8230;<\/p>\n","protected":false},"author":3,"featured_media":2259,"parent":0,"menu_order":0,"comment_status":"closed","ping_status":"closed","template":"","meta":{"_acf_changed":false,"footnotes":""},"class_list":["post-2253","page","type-page","status-publish","has-post-thumbnail","hentry"],"acf":[],"_links":{"self":[{"href":"https:\/\/www.fitzinterior.com\/ar\/wp-json\/wp\/v2\/pages\/2253","targetHints":{"allow":["GET"]}}],"collection":[{"href":"https:\/\/www.fitzinterior.com\/ar\/wp-json\/wp\/v2\/pages"}],"about":[{"href":"https:\/\/www.fitzinterior.com\/ar\/wp-json\/wp\/v2\/types\/page"}],"author":[{"embeddable":true,"href":"https:\/\/www.fitzinterior.com\/ar\/wp-json\/wp\/v2\/users\/3"}],"replies":[{"embeddable":true,"href":"https:\/\/www.fitzinterior.com\/ar\/wp-json\/wp\/v2\/comments?post=2253"}],"version-history":[{"count":10,"href":"https:\/\/www.fitzinterior.com\/ar\/wp-json\/wp\/v2\/pages\/2253\/revisions"}],"predecessor-version":[{"id":3424,"href":"https:\/\/www.fitzinterior.com\/ar\/wp-json\/wp\/v2\/pages\/2253\/revisions\/3424"}],"wp:featuredmedia":[{"embeddable":true,"href":"https:\/\/www.fitzinterior.com\/ar\/wp-json\/wp\/v2\/media\/2259"}],"wp:attachment":[{"href":"https:\/\/www.fitzinterior.com\/ar\/wp-json\/wp\/v2\/media?parent=2253"}],"curies":[{"name":"wp","href":"https:\/\/api.w.org\/{rel}","templated":true}]}}