{"id":2247,"date":"2015-12-09T15:31:48","date_gmt":"2015-12-09T15:31:48","guid":{"rendered":"http:\/\/www.fitzinterior.com\/ar\/fitzfriends\/"},"modified":"2018-04-06T06:53:16","modified_gmt":"2018-04-06T06:53:16","slug":"fitzfriends","status":"publish","type":"page","link":"https:\/\/www.fitzinterior.com\/ar\/fitzfriends\/","title":{"rendered":"fitz&#038;friends"},"content":{"rendered":"<p>Der patentierte Fitz-Knochen ist das Verbindungsst\u00fcck bei der Herstellung hochwertiger M\u00f6bel und im Innenausbau ma\u00dfgefertigter Yachten. Nun wird er zu einer Br\u00fccke zwischen Fitz Interior und anderen Meistern ihres Fachs. Unter der Marke <strong>fitz<span class=\"orange\">&amp;<\/span>friends<\/strong> werden sie in einem einzigartigen Netzwerk aus Spezialisten zusammengebracht.<\/p>\n<p>&nbsp;<\/p>\n<p><strong>Mitglieder fitz&amp;friends Netzwerk<\/strong><br \/>\nWie Fitz Interior, so f\u00fchlen sich auch fitz<span class=\"orange\">&amp;<\/span>friends Werten wie Handwerk, Heimat und Herkunft verpflichtet:<\/p>\n<blockquote><p>&gt;&gt; Armoured Car Systems \u2013<span class=\"orange\" style=\"color: #000000;\">protected mobile secure<\/span><br \/>\n&gt;&gt; Audiovisual media &#8211;\u00a0<span class=\"orange\" style=\"color: #000000;\">in media with passion<\/span><br \/>\n&gt;&gt; Beer like champagne \u2013\u00a0<span class=\"orange\" style=\"color: #000000;\">an unique experience<\/span><br \/>\n&gt;&gt; Event Organisation \u2013\u00a0<span class=\"orange\" style=\"color: #000000;\">what money can`t buy<\/span><br \/>\n&gt;&gt; Eventware technologie &#8211;\u00a0<span class=\"orange\" style=\"color: #000000;\">in emotions are our profession<\/span><br \/>\n&gt;&gt; Helicopter \u2013\u00a0<span class=\"orange\" style=\"color: #000000;\">civil and military range<\/span><br \/>\n&gt;&gt; Luxury Technology \u2013\u00a0<span class=\"orange\" style=\"color: #000000;\">some think different<\/span><br \/>\n&gt;&gt; Material Customizing \u2013\u00a0<span class=\"orange\" style=\"color: #000000;\">individuality is today`s luxury<\/span><br \/>\n&gt;&gt; Medical and Beauty \u2013\u00a0<span class=\"orange\" style=\"color: #000000;\">we care about you<\/span><br \/>\n&gt;&gt; Personal Training \u2013\u00a0<span class=\"orange\" style=\"color: #000000;\">try to learn your body<\/span><br \/>\n&gt;&gt; Privat Jet Consulting \u2013\u00a0<span class=\"orange\" style=\"color: #000000;\">we innovate flying<\/span><br \/>\n&gt;&gt; Profesional in bus travel &#8211;\u00a0<span class=\"orange\" style=\"color: #000000;\">in new dimension of mobility<\/span><br \/>\n&gt;&gt; Richard Walch \u2013\u00a0<span class=\"orange\" style=\"color: #000000;\">Photography and Film<br \/>\n<\/span><\/p><\/blockquote>\n<p>&nbsp;<\/p>\n<p><strong>Interessantes:<\/strong><br \/>\n<a href=\"http:\/\/fitztech.de\/wp-content\/uploads\/2016\/01\/Fitz_Broschuere-1.pdf\" target=\"_blank\"><u>Download Fitz Imagebrosch\u00fcre<\/u><\/a><br \/>\n<a href=\"http:\/\/fitztech.de\/wp-content\/uploads\/2016\/01\/fitzfriendsBroschure.pdf\" target=\"_blank\"><u>Download fitz&amp;friends Brosch\u00fcre<\/u><\/a><br \/>\n<a href=\"https:\/\/www.fitzinterior.com\/wp-content\/uploads\/2018\/04\/Fritz_Broschuere_Company_web.pdf\">Fritz Brosch\u00fcre Unternehmen<\/a><br \/>\n<a href=\"https:\/\/www.fitzinterior.com\/wp-content\/uploads\/2018\/04\/Fritz_Broschuere_Domiciles_web.pdf\">Fritz Brosch\u00fcre Domizile<\/a><br \/>\n<a href=\"https:\/\/www.fitzinterior.com\/wp-content\/uploads\/2018\/04\/Fritz_Broschuere_Yachts_web.pdf\">Fritz Brosch\u00fcre Yachten<\/a><\/p>\n<p>&nbsp;<\/p>\n<p><strong>fitz&amp;friends Musik:<\/strong><\/p>\n<p>Song 1<\/p>\n<audio class=\"wp-audio-shortcode\" id=\"audio-2247-1\" preload=\"none\" style=\"width: 100%;\" controls=\"controls\"><source type=\"audio\/mpeg\" src=\"http:\/\/fitztech.de\/wp-content\/uploads\/2016\/01\/Seite-A-monaco-Vacances.mp3?_=1\" \/><a href=\"http:\/\/fitztech.de\/wp-content\/uploads\/2016\/01\/Seite-A-monaco-Vacances.mp3\">http:\/\/fitztech.de\/wp-content\/uploads\/2016\/01\/Seite-A-monaco-Vacances.mp3<\/a><\/audio>\n<p>Song 2<\/p>\n<audio class=\"wp-audio-shortcode\" id=\"audio-2247-2\" preload=\"none\" style=\"width: 100%;\" controls=\"controls\"><source type=\"audio\/mpeg\" src=\"http:\/\/fitztech.de\/wp-content\/uploads\/2016\/01\/Seite-B-bavarian-HUATERER.mp3?_=2\" \/><a href=\"http:\/\/fitztech.de\/wp-content\/uploads\/2016\/01\/Seite-B-bavarian-HUATERER.mp3\">http:\/\/fitztech.de\/wp-content\/uploads\/2016\/01\/Seite-B-bavarian-HUATERER.mp3<\/a><\/audio>\n","protected":false},"excerpt":{"rendered":"<p>Der patentierte Fitz-Knochen ist das Verbindungsst\u00fcck bei der Herstellung hochwertiger M\u00f6bel und im Innenausbau ma\u00dfgefertigter Yachten. Nun wird er zu einer Br\u00fccke zwischen Fitz Interior und anderen Meistern ihres Fachs. Unter der Marke&#8230;<\/p>\n","protected":false},"author":3,"featured_media":2006,"parent":0,"menu_order":0,"comment_status":"closed","ping_status":"closed","template":"","meta":{"_acf_changed":false,"footnotes":""},"class_list":["post-2247","page","type-page","status-publish","has-post-thumbnail","hentry"],"acf":[],"_links":{"self":[{"href":"https:\/\/www.fitzinterior.com\/ar\/wp-json\/wp\/v2\/pages\/2247","targetHints":{"allow":["GET"]}}],"collection":[{"href":"https:\/\/www.fitzinterior.com\/ar\/wp-json\/wp\/v2\/pages"}],"about":[{"href":"https:\/\/www.fitzinterior.com\/ar\/wp-json\/wp\/v2\/types\/page"}],"author":[{"embeddable":true,"href":"https:\/\/www.fitzinterior.com\/ar\/wp-json\/wp\/v2\/users\/3"}],"replies":[{"embeddable":true,"href":"https:\/\/www.fitzinterior.com\/ar\/wp-json\/wp\/v2\/comments?post=2247"}],"version-history":[{"count":4,"href":"https:\/\/www.fitzinterior.com\/ar\/wp-json\/wp\/v2\/pages\/2247\/revisions"}],"predecessor-version":[{"id":2885,"href":"https:\/\/www.fitzinterior.com\/ar\/wp-json\/wp\/v2\/pages\/2247\/revisions\/2885"}],"wp:featuredmedia":[{"embeddable":true,"href":"https:\/\/www.fitzinterior.com\/ar\/wp-json\/wp\/v2\/media\/2006"}],"wp:attachment":[{"href":"https:\/\/www.fitzinterior.com\/ar\/wp-json\/wp\/v2\/media?parent=2247"}],"curies":[{"name":"wp","href":"https:\/\/api.w.org\/{rel}","templated":true}]}}