{"id":2111,"date":"2016-01-11T09:09:14","date_gmt":"2016-01-11T09:09:14","guid":{"rendered":"http:\/\/www.fitzinterior.com\/ar\/about-fitz\/das-unternehmen\/"},"modified":"2016-02-25T14:47:13","modified_gmt":"2016-02-25T14:47:13","slug":"das-unternehmen","status":"publish","type":"page","link":"https:\/\/www.fitzinterior.com\/ar\/about-fitz\/das-unternehmen\/","title":{"rendered":"\u0645\u0628\u0646\u0649 \u0627\u0644\u0634\u0631\u0643\u0629"},"content":{"rendered":"<p>\u0641\u064a \u0631\u0628\u064a\u0639 \u0639\u0627\u0645 2015 \u0623\u064f\u0646\u0634\u0626\u062a \u0635\u0627\u0644\u0629 \u0627\u0644\u0625\u0646\u062a\u0627\u062c \u0627\u0644\u0643\u0628\u064a\u0631\u0629 \u0628\u0645\u0633\u0627\u062d\u0629 7000 \u0645\u062a\u0631 \u0645\u0631\u0628\u0639. \u0648\u0641\u064a \u0627\u0644\u062c\u0646\u0627\u062d \u0627\u0644\u0645\u0644\u062d\u0642 \u0627\u0644\u0645\u062a\u0645\u0631\u0643\u0632 \u062d\u0648\u0644 &#8220;\u0627\u0644\u0639\u064a\u0646 \u0627\u0644\u0633\u062d\u0631\u064a\u0629&#8221; \u064a\u062a\u0645 \u0628\u0646\u0627\u0621 \u0627\u0644\u062a\u062d\u0641 \u0627\u0644\u0641\u0646\u064a\u0629 \u0627\u0644\u0643\u0628\u064a\u0631\u0629 \u0648\u0627\u0644\u0641\u0627\u062e\u0631\u0629 \u0644\u0644\u064a\u062e\u0648\u062a \u0648\u0627\u0644\u0641\u064a\u0644\u0627\u062a \u0648\u0627\u0644\u0645\u0628\u0627\u0646\u064a \u0627\u0644\u0625\u062f\u0627\u0631\u064a\u0629.<\/p>\n<ul class=\"boxes-list\"><li><div class=\"box\"><img decoding=\"async\" class=\"img\" src=\"https:\/\/www.fitzinterior.com\/wp-content\/uploads\/2016\/01\/Geb\u00e4ude4-377x256.jpg\" alt=\"Fitz Firmengeb\u00e4ude Glasfront von au\u00dfen\" ><span class=\"title\">\u0627\u0644\u0645\u062f\u062e\u0644<\/span><div class=\"description\"><h3>\u0627\u0644\u0645\u062f\u062e\u0644<\/h3><p><\/p><\/div><\/div><\/li><li><div class=\"box\"><img decoding=\"async\" class=\"img\" src=\"https:\/\/www.fitzinterior.com\/wp-content\/uploads\/2016\/01\/Geb\u00e4ude2-377x256.jpg\" alt=\"Fitz Firmengeb\u00e4ude von au\u00dfen bei D\u00e4mmerung\" ><span class=\"title\">\u0645\u0646\u0638\u0631 \u062c\u0627\u0646\u0628\u064a<\/span><div class=\"description\"><h3>\u0645\u0646\u0638\u0631 \u062c\u0627\u0646\u0628\u064a<\/h3><p><\/p><\/div><\/div><\/li><li><div class=\"box\"><img decoding=\"async\" class=\"img\" src=\"https:\/\/www.fitzinterior.com\/wp-content\/uploads\/2016\/01\/Geb\u00e4ude1-377x256.jpg\" alt=\"Das moderne Fitz Firmengeb\u00e4ude aus der Vogelperspektive\" ><span class=\"title\">\u0645\u0646\u0638\u0631 \u0639\u0644\u0648\u064a<\/span><div class=\"description\"><h3>\u0645\u0646\u0638\u0631 \u0639\u0644\u0648\u064a<\/h3><p><\/p><\/div><\/div><\/li><li><div class=\"box\"><img decoding=\"async\" class=\"img\" src=\"https:\/\/www.fitzinterior.com\/wp-content\/uploads\/2016\/01\/Geb\u00e4ude3-377x256.jpg\" alt=\"Produktionshalle Fitz von oben\" ><span class=\"title\">\u0627\u0644\u0635\u0627\u0644\u0629 \u0645\u0646 \u0627\u0644\u062f\u0627\u062e\u0644<\/span><div class=\"description\"><h3>\u0627\u0644\u0635\u0627\u0644\u0629 \u0645\u0646 \u0627\u0644\u062f\u0627\u062e\u0644<\/h3><p><\/p><\/div><\/div><\/li><\/ul>\n","protected":false},"excerpt":{"rendered":"<p>\u0641\u064a \u0631\u0628\u064a\u0639 \u0639\u0627\u0645 2015 \u0623\u064f\u0646\u0634\u0626\u062a \u0635\u0627\u0644\u0629 \u0627\u0644\u0625\u0646\u062a\u0627\u062c \u0627\u0644\u0643\u0628\u064a\u0631\u0629 \u0628\u0645\u0633\u0627\u062d\u0629 7000 \u0645\u062a\u0631 \u0645\u0631\u0628\u0639. \u0648\u0641\u064a \u0627\u0644\u062c\u0646\u0627\u062d \u0627\u0644\u0645\u0644\u062d\u0642 \u0627\u0644\u0645\u062a\u0645\u0631\u0643\u0632 \u062d\u0648\u0644 &#8220;\u0627\u0644\u0639\u064a\u0646 \u0627\u0644\u0633\u062d\u0631\u064a\u0629&#8221; \u064a\u062a\u0645 \u0628\u0646\u0627\u0621 \u0627\u0644\u062a\u062d\u0641 \u0627\u0644\u0641\u0646\u064a\u0629 \u0627\u0644\u0643\u0628\u064a\u0631\u0629 \u0648\u0627\u0644\u0641\u0627\u062e\u0631\u0629 \u0644\u0644\u064a\u062e\u0648\u062a \u0648\u0627\u0644\u0641\u064a\u0644\u0627\u062a \u0648\u0627\u0644\u0645\u0628\u0627\u0646\u064a \u0627\u0644\u0625\u062f\u0627\u0631\u064a\u0629.<\/p>\n","protected":false},"author":3,"featured_media":2112,"parent":2045,"menu_order":0,"comment_status":"closed","ping_status":"closed","template":"","meta":{"_acf_changed":false,"footnotes":""},"class_list":["post-2111","page","type-page","status-publish","has-post-thumbnail","hentry"],"acf":[],"_links":{"self":[{"href":"https:\/\/www.fitzinterior.com\/ar\/wp-json\/wp\/v2\/pages\/2111","targetHints":{"allow":["GET"]}}],"collection":[{"href":"https:\/\/www.fitzinterior.com\/ar\/wp-json\/wp\/v2\/pages"}],"about":[{"href":"https:\/\/www.fitzinterior.com\/ar\/wp-json\/wp\/v2\/types\/page"}],"author":[{"embeddable":true,"href":"https:\/\/www.fitzinterior.com\/ar\/wp-json\/wp\/v2\/users\/3"}],"replies":[{"embeddable":true,"href":"https:\/\/www.fitzinterior.com\/ar\/wp-json\/wp\/v2\/comments?post=2111"}],"version-history":[{"count":2,"href":"https:\/\/www.fitzinterior.com\/ar\/wp-json\/wp\/v2\/pages\/2111\/revisions"}],"predecessor-version":[{"id":2450,"href":"https:\/\/www.fitzinterior.com\/ar\/wp-json\/wp\/v2\/pages\/2111\/revisions\/2450"}],"up":[{"embeddable":true,"href":"https:\/\/www.fitzinterior.com\/ar\/wp-json\/wp\/v2\/pages\/2045"}],"wp:featuredmedia":[{"embeddable":true,"href":"https:\/\/www.fitzinterior.com\/ar\/wp-json\/wp\/v2\/media\/2112"}],"wp:attachment":[{"href":"https:\/\/www.fitzinterior.com\/ar\/wp-json\/wp\/v2\/media?parent=2111"}],"curies":[{"name":"wp","href":"https:\/\/api.w.org\/{rel}","templated":true}]}}